{"id":3,"date":"2021-03-15T00:05:43","date_gmt":"2021-03-14T23:05:43","guid":{"rendered":"https:\/\/artycatz.com\/?page_id=3"},"modified":"2023-05-11T21:49:51","modified_gmt":"2023-05-11T19:49:51","slug":"politique-de-confidentialite","status":"publish","type":"page","link":"https:\/\/artycatz.com\/en\/politique-de-confidentialite\/","title":{"rendered":"Politique de confidentialit\u00e9"},"content":{"rendered":"<div data-elementor-type=\"wp-page\" data-elementor-id=\"3\" class=\"elementor elementor-3\" data-elementor-post-type=\"page\">\n\t\t\t\t\t\t<section class=\"elementor-section elementor-top-section elementor-element elementor-element-75ba1b6e elementor-section-boxed elementor-section-height-default elementor-section-height-default\" data-id=\"75ba1b6e\" data-element_type=\"section\" data-e-type=\"section\">\n\t\t\t\t\t\t<div class=\"elementor-container elementor-column-gap-default\">\n\t\t\t\t\t<div class=\"elementor-column elementor-col-100 elementor-top-column elementor-element elementor-element-50c36570\" data-id=\"50c36570\" data-element_type=\"column\" data-e-type=\"column\">\n\t\t\t<div class=\"elementor-widget-wrap elementor-element-populated\">\n\t\t\t\t\t\t<div class=\"elementor-element elementor-element-446bb0a5 elementor-widget elementor-widget-text-editor\" data-id=\"446bb0a5\" data-element_type=\"widget\" data-e-type=\"widget\" data-widget_type=\"text-editor.default\">\n\t\t\t\t<div class=\"elementor-widget-container\">\n\t\t\t\t\t\t\t\t\t\n<p><br><\/p>\n\t\t\t\t\t\t\t\t<\/div>\n\t\t\t\t<\/div>\n\t\t\t\t\t<\/div>\n\t\t<\/div>\n\t\t\t\t\t<\/div>\n\t\t<\/section>\n\t\t\t\t<section class=\"elementor-section elementor-top-section elementor-element elementor-element-13e9c15 elementor-section-boxed elementor-section-height-default elementor-section-height-default\" data-id=\"13e9c15\" data-element_type=\"section\" data-e-type=\"section\">\n\t\t\t\t\t\t<div class=\"elementor-container elementor-column-gap-default\">\n\t\t\t\t\t<div class=\"elementor-column elementor-col-100 elementor-top-column elementor-element elementor-element-a500fce\" data-id=\"a500fce\" data-element_type=\"column\" data-e-type=\"column\">\n\t\t\t<div class=\"elementor-widget-wrap elementor-element-populated\">\n\t\t\t\t\t\t<div class=\"elementor-element elementor-element-74d2b8e elementor-widget elementor-widget-heading\" data-id=\"74d2b8e\" data-element_type=\"widget\" data-e-type=\"widget\" data-widget_type=\"heading.default\">\n\t\t\t\t<div class=\"elementor-widget-container\">\n\t\t\t\t\t<h1 class=\"elementor-heading-title elementor-size-default\">Politique de confidentialit\u00e9 artycatz.com<\/h1>\t\t\t\t<\/div>\n\t\t\t\t<\/div>\n\t\t\t\t<div class=\"elementor-element elementor-element-425b50a elementor-widget elementor-widget-text-editor\" data-id=\"425b50a\" data-element_type=\"widget\" data-e-type=\"widget\" data-widget_type=\"text-editor.default\">\n\t\t\t\t<div class=\"elementor-widget-container\">\n\t\t\t\t\t\t\t\t\t<p><\/p>\n<p><\/p>\n<p>\u00a0<\/p>\n<p>Derni\u00e8re mise \u00e0 jour le 11 mai 2023<br \/><br \/>Cette politique de confidentialit\u00e9 d\u00e9crit les politiques d&rsquo;Arty Catz sur la collecte, l&rsquo;utilisation et la divulgation de vos informations que nous collectons lorsque vous utilisez notre site Web ( https:\/\/www.artycatz.com ). (le service\u00a0\u00bb). En acc\u00e9dant ou en utilisant le Service, vous consentez \u00e0 la collecte, \u00e0 l&rsquo;utilisation et \u00e0 la divulgation de vos informations conform\u00e9ment \u00e0 la pr\u00e9sente Politique de confidentialit\u00e9. Si vous ne consentez pas aux conditions d&rsquo;utilisation, veuillez refuser d&rsquo;utiliser le Service en cliquant sur \u00ab\u00a0Non\u00a0\u00bb<\/p>\n<p><\/p>\n<p>Nous pouvons modifier cette politique de confidentialit\u00e9 \u00e0 tout moment sans pr\u00e9avis et publierons la politique de confidentialit\u00e9 r\u00e9vis\u00e9e sur le service. La politique r\u00e9vis\u00e9e entrera en vigueur 180 jours \u00e0 compter de la publication de la politique r\u00e9vis\u00e9e dans le service et votre acc\u00e8s ou utilisation continus du service apr\u00e8s cette p\u00e9riode constituera votre acceptation de la politique de confidentialit\u00e9 r\u00e9vis\u00e9e. Nous vous recommandons donc de consulter p\u00e9riodiquement cette page.<\/p>\n<p><\/p>\n<p><strong>COMMENT NOUS UTILISONS VOS INFORMATIONS\u00a0:<\/strong><br \/>Nous utiliserons les informations que nous recueillons \u00e0 votre sujet aux fins suivantes :<\/p>\n<p><\/p>\n<p>Marketing\/ promotionnel<br \/>Cr\u00e9ation de compte utilisateur<br \/>T\u00e9moignages<br \/>Recueil des avis clients<br \/>Appliquer les CG<br \/>Traitement du paiement<br \/>Soutien<br \/>Informations administratives<br \/>Publicit\u00e9 cibl\u00e9e<br \/>G\u00e9rer la commande client<br \/>Protection des sites<br \/>Commentaires d&rsquo;utilisateur \u00e0 utilisateur<br \/>R\u00e8glement des diff\u00e9rends<br \/>G\u00e9rer le compte utilisateur<br \/>Si nous souhaitons utiliser vos informations \u00e0 d&rsquo;autres fins, nous vous demanderons votre consentement et n&rsquo;utiliserons vos informations qu&rsquo;apr\u00e8s avoir re\u00e7u votre consentement, puis uniquement aux fins pour lesquelles nous accordons votre consentement, sauf si nous sommes tenus de faire autrement par droit.<\/p>\n<p><strong>VOS DROITS:<\/strong><br \/>Selon la loi applicable, vous pouvez avoir un droit d&rsquo;acc\u00e8s et de rectification ou d&rsquo;effacement de vos donn\u00e9es personnelles ou recevoir une copie de vos donn\u00e9es personnelles, restreindre ou vous opposer au traitement actif de vos donn\u00e9es, nous demander de partager (porter) vos donn\u00e9es personnelles informations \u00e0 une autre entit\u00e9, retirer tout consentement que vous nous avez fourni pour traiter vos donn\u00e9es, un droit de d\u00e9poser une plainte aupr\u00e8s d&rsquo;une autorit\u00e9 statutaire et tout autre droit qui peut \u00eatre pertinent en vertu des lois applicables. Pour exercer ces droits, vous pouvez nous \u00e9crire \u00e0 contact@artycatz.com. Nous r\u00e9pondrons \u00e0 votre demande conform\u00e9ment \u00e0 la loi applicable.<\/p>\n<p><\/p>\n<p>Vous pouvez vous d\u00e9sabonner des communications de marketing direct ou du profilage que nous effectuons \u00e0 des fins de marketing en nous \u00e9crivant \u00e0 contact@artycatz.com.<\/p>\n<p><\/p>\n<p>Notez que si vous ne nous autorisez pas \u00e0 collecter ou \u00e0 traiter les informations personnelles requises ou si vous retirez le consentement \u00e0 les traiter aux fins requises, vous ne pourrez peut-\u00eatre pas acc\u00e9der ou utiliser les services pour lesquels vos informations ont \u00e9t\u00e9 demand\u00e9es.<\/p>\n<p><\/p>\n<p><strong>COOKIES ETC.<\/strong><br \/>Pour en savoir plus sur la fa\u00e7on dont nous les utilisons et sur vos choix par rapport \u00e0 ces technologies de suivi, veuillez vous r\u00e9f\u00e9rer \u00e0 notre politique en mati\u00e8re de cookies.<\/p>\n<p><\/p>\n<p>\u00a0<\/p>\n<p><\/p>\t\t\t\t\t\t\t\t<\/div>\n\t\t\t\t<\/div>\n\t\t\t\t\t<\/div>\n\t\t<\/div>\n\t\t\t\t\t<\/div>\n\t\t<\/section>\n\t\t\t\t<section class=\"elementor-section elementor-top-section elementor-element elementor-element-f19ab8a elementor-section-boxed elementor-section-height-default elementor-section-height-default\" data-id=\"f19ab8a\" data-element_type=\"section\" data-e-type=\"section\">\n\t\t\t\t\t\t<div class=\"elementor-container elementor-column-gap-default\">\n\t\t\t\t\t<div class=\"elementor-column elementor-col-50 elementor-top-column elementor-element elementor-element-4fe7d2c\" data-id=\"4fe7d2c\" data-element_type=\"column\" data-e-type=\"column\">\n\t\t\t<div class=\"elementor-widget-wrap elementor-element-populated\">\n\t\t\t\t\t\t<div class=\"elementor-element elementor-element-48ce96a elementor-widget elementor-widget-text-editor\" data-id=\"48ce96a\" data-element_type=\"widget\" data-e-type=\"widget\" data-widget_type=\"text-editor.default\">\n\t\t\t\t<div class=\"elementor-widget-container\">\n\t\t\t\t\t\t\t\t\t<p><!-- \/wp:paragraph --><!-- wp:paragraph --><\/p>\n<p><strong>S\u00c9CURIT\u00c9:<\/strong><br \/>La s\u00e9curit\u00e9 de vos informations est importante pour nous et nous utiliserons des mesures de s\u00e9curit\u00e9 raisonnables pour emp\u00eacher la perte, l&rsquo;utilisation abusive ou la modification non autoris\u00e9e de vos informations sous notre contr\u00f4le. Cependant, compte tenu des risques inh\u00e9rents, nous ne pouvons garantir une s\u00e9curit\u00e9 absolue et par cons\u00e9quent, nous ne pouvons assurer ou garantir la s\u00e9curit\u00e9 des informations que vous nous transmettez et vous le faites \u00e0 vos risques et p\u00e9rils.<\/p>\n<p><!-- \/wp:paragraph --><!-- wp:paragraph --><\/p>\n<p><strong>GRIEF \/ RESPONSABLE DE LA PROTECTION DES DONN\u00c9ES\u00a0:<\/strong><br \/>Si vous avez des questions ou des pr\u00e9occupations concernant le traitement de vos informations, vous pouvez envoyer un e-mail \u00e0 notre responsable des plaintes \u00e0 Arty Catz, par e-mail: <a href=\"mailto:contact@artycatz.com\">contact@artycatz.com<\/a>. Nous r\u00e9pondrons \u00e0 vos pr\u00e9occupations conform\u00e9ment \u00e0 la loi applicable.<\/p>\n<p><!-- \/wp:paragraph --><!-- wp:paragraph --><\/p>\n<p>\u00a0<\/p>\t\t\t\t\t\t\t\t<\/div>\n\t\t\t\t<\/div>\n\t\t\t\t\t<\/div>\n\t\t<\/div>\n\t\t\t\t<div class=\"elementor-column elementor-col-50 elementor-top-column elementor-element elementor-element-6235226\" data-id=\"6235226\" data-element_type=\"column\" data-e-type=\"column\">\n\t\t\t<div class=\"elementor-widget-wrap elementor-element-populated\">\n\t\t\t\t\t\t<div class=\"elementor-element elementor-element-5d0a246 elementor-widget elementor-widget-image\" data-id=\"5d0a246\" data-element_type=\"widget\" data-e-type=\"widget\" data-widget_type=\"image.default\">\n\t\t\t\t<div class=\"elementor-widget-container\">\n\t\t\t\t\t\t\t\t\t\t\t\t\t\t\t<img fetchpriority=\"high\" decoding=\"async\" width=\"1020\" height=\"444\" src=\"https:\/\/artycatz.com\/wp-content\/uploads\/2023\/05\/tampon-top-secret-arty-catz-politique-de-confidentialite-1024x446.jpg\" class=\"attachment-large size-large wp-image-67341 wvs-archive-product-image\" alt=\"\" srcset=\"https:\/\/artycatz.com\/wp-content\/uploads\/2023\/05\/tampon-top-secret-arty-catz-politique-de-confidentialite-1024x446.jpg 1024w, https:\/\/artycatz.com\/wp-content\/uploads\/2023\/05\/tampon-top-secret-arty-catz-politique-de-confidentialite-510x222.jpg 510w, https:\/\/artycatz.com\/wp-content\/uploads\/2023\/05\/tampon-top-secret-arty-catz-politique-de-confidentialite-300x131.jpg 300w, https:\/\/artycatz.com\/wp-content\/uploads\/2023\/05\/tampon-top-secret-arty-catz-politique-de-confidentialite-768x335.jpg 768w, https:\/\/artycatz.com\/wp-content\/uploads\/2023\/05\/tampon-top-secret-arty-catz-politique-de-confidentialite-18x8.jpg 18w, https:\/\/artycatz.com\/wp-content\/uploads\/2023\/05\/tampon-top-secret-arty-catz-politique-de-confidentialite.jpg 1280w\" sizes=\"(max-width: 1020px) 100vw, 1020px\" \/>\t\t\t\t\t\t\t\t\t\t\t\t\t\t\t<\/div>\n\t\t\t\t<\/div>\n\t\t\t\t\t<\/div>\n\t\t<\/div>\n\t\t\t\t\t<\/div>\n\t\t<\/section>\n\t\t\t\t<\/div>","protected":false},"excerpt":{"rendered":"<p>Politique de confidentialit\u00e9 artycatz.com \u00a0 Derni\u00e8re mise \u00e0 jour le 11 mai 2023 Cette politique de confidentialit\u00e9 d\u00e9crit les politiques d&rsquo;Arty Catz sur la collecte, l&rsquo;utilisation et la divulgation de vos informations que nous collectons lorsque vous utilisez notre site Web ( https:\/\/www.artycatz.com ). (le service\u00a0\u00bb). En acc\u00e9dant ou en utilisant le Service, vous consentez [&#8230;]\n","protected":false},"author":1,"featured_media":0,"parent":0,"menu_order":0,"comment_status":"closed","ping_status":"closed","template":"","meta":{"footnotes":""},"class_list":["post-3","page","type-page","status-publish","hentry"],"jetpack_sharing_enabled":true,"_links":{"self":[{"href":"https:\/\/artycatz.com\/en\/wp-json\/wp\/v2\/pages\/3","targetHints":{"allow":["GET"]}}],"collection":[{"href":"https:\/\/artycatz.com\/en\/wp-json\/wp\/v2\/pages"}],"about":[{"href":"https:\/\/artycatz.com\/en\/wp-json\/wp\/v2\/types\/page"}],"author":[{"embeddable":true,"href":"https:\/\/artycatz.com\/en\/wp-json\/wp\/v2\/users\/1"}],"replies":[{"embeddable":true,"href":"https:\/\/artycatz.com\/en\/wp-json\/wp\/v2\/comments?post=3"}],"version-history":[{"count":18,"href":"https:\/\/artycatz.com\/en\/wp-json\/wp\/v2\/pages\/3\/revisions"}],"predecessor-version":[{"id":67345,"href":"https:\/\/artycatz.com\/en\/wp-json\/wp\/v2\/pages\/3\/revisions\/67345"}],"wp:attachment":[{"href":"https:\/\/artycatz.com\/en\/wp-json\/wp\/v2\/media?parent=3"}],"curies":[{"name":"wp","href":"https:\/\/api.w.org\/{rel}","templated":true}]}}