{"id":63968,"date":"2023-02-09T23:00:46","date_gmt":"2023-02-09T22:00:46","guid":{"rendered":"https:\/\/artycatz.com\/?page_id=63968"},"modified":"2023-03-11T01:44:54","modified_gmt":"2023-03-11T00:44:54","slug":"livraison","status":"publish","type":"page","link":"https:\/\/artycatz.com\/en\/livraison\/","title":{"rendered":"Livraison"},"content":{"rendered":"<div data-elementor-type=\"wp-page\" data-elementor-id=\"63968\" class=\"elementor elementor-63968\" data-elementor-post-type=\"page\">\n\t\t\t\t\t\t<section class=\"elementor-section elementor-top-section elementor-element elementor-element-7263d2e elementor-section-boxed elementor-section-height-default elementor-section-height-default\" data-id=\"7263d2e\" data-element_type=\"section\" data-e-type=\"section\">\n\t\t\t\t\t\t<div class=\"elementor-container elementor-column-gap-default\">\n\t\t\t\t\t<div class=\"elementor-column elementor-col-100 elementor-top-column elementor-element elementor-element-4122fdf\" data-id=\"4122fdf\" data-element_type=\"column\" data-e-type=\"column\">\n\t\t\t<div class=\"elementor-widget-wrap elementor-element-populated\">\n\t\t\t\t\t\t<div class=\"elementor-element elementor-element-8844ac0 elementor-widget elementor-widget-text-editor\" data-id=\"8844ac0\" data-element_type=\"widget\" data-e-type=\"widget\" data-widget_type=\"text-editor.default\">\n\t\t\t\t<div class=\"elementor-widget-container\">\n\t\t\t\t\t\t\t\t\t<p>Pour toute information relative \u00e0 la livraison, vous pouvez tout d&rsquo;abord consulter notre <a href=\"https:\/\/artycatz.com\/en\/faqs\/\">Foire aux questions (FAQ)\u00a0<\/a><\/p><p><a href=\"https:\/\/artycatz.com\/en\/faqs\/\">https:\/\/artycatz.com\/faqs\/<\/a><\/p><p>\u00a0<\/p>\t\t\t\t\t\t\t\t<\/div>\n\t\t\t\t<\/div>\n\t\t\t\t\t<\/div>\n\t\t<\/div>\n\t\t\t\t\t<\/div>\n\t\t<\/section>\n\t\t\t\t<section class=\"elementor-section elementor-top-section elementor-element elementor-element-566b4e4 elementor-section-boxed elementor-section-height-default elementor-section-height-default\" data-id=\"566b4e4\" data-element_type=\"section\" data-e-type=\"section\">\n\t\t\t\t\t\t<div class=\"elementor-container elementor-column-gap-default\">\n\t\t\t\t\t<div class=\"elementor-column elementor-col-100 elementor-top-column elementor-element elementor-element-64cf9ed\" data-id=\"64cf9ed\" data-element_type=\"column\" data-e-type=\"column\">\n\t\t\t<div class=\"elementor-widget-wrap elementor-element-populated\">\n\t\t\t\t\t\t<div class=\"elementor-element elementor-element-cff7acc elementor-widget elementor-widget-text-editor\" data-id=\"cff7acc\" data-element_type=\"widget\" data-e-type=\"widget\" data-widget_type=\"text-editor.default\">\n\t\t\t\t<div class=\"elementor-widget-container\">\n\t\t\t\t\t\t\t\t\t<p>Sinon voici un extrait de nos Conditions G\u00e9n\u00e9rales de Vente concernant la livraison:<\/p><p>\u00a0<\/p><p><strong>Article 5 &#8211; Livraison, garanties et remboursements<\/strong><\/p><p><strong>\u00a0<\/strong><\/p><p><strong>5.1 Indisponibilit\u00e9 des produits<\/strong><\/p><p>Arty Catz s&rsquo;engage \u00e0 livrer les commandes en ligne dans la limite des stocks disponibles.<\/p><p>En cas de rupture de stock ou d&rsquo;indisponibilit\u00e9 d&rsquo;un produit, Arty Catz s&rsquo;engage \u00e0 informer le client par email.<\/p><p>Le client aura alors plusieurs options: attendre la disponibilit\u00e9 du produit, obtenir un remboursement, \u00e9changer contre un autre article, ou b\u00e9n\u00e9ficier d&rsquo;un bon d&rsquo;achat valable sur toute la boutique Arty Catz.<\/p><p>Le client doit informer Arty Catz par email. Si le client opte pour un remboursement, Arty Catz fera de son mieux pour rembourser le client dans un d\u00e9lai de 30 jours \u00e0 compter de la date \u00e0 laquelle Arty Catz a inform\u00e9 le client de l&rsquo;indisponibilit\u00e9 du produit.<\/p><p>Arty Catz ne peut \u00eatre tenue responsable en cas de retard de livraison et d&rsquo;indisponibilit\u00e9 temporaire ou permanente de produits et services, ni donner droit \u00e0 des dommages et int\u00e9r\u00eats pour le client.<\/p><p><strong>\u00a0<\/strong><\/p><p><strong>5.2 &#8211; Livraison et mise \u00e0 disposition des produits<\/strong><\/p><p>La livraison des produits sera effectu\u00e9e \u00e0 l&rsquo;adresse indiqu\u00e9e par le client. Il a la possibilit\u00e9 d\u2019avoir une adresse de livraison diff\u00e9rente de l\u2019adresse de facturation.<\/p><p>Les factures seront envoy\u00e9es par email \u00e0 l&rsquo;adresse de messagerie fournie par le client lors de son paiement. Si une erreur se produit et que les colis ne peuvent pas \u00eatre livr\u00e9s \u00e0 l&rsquo;adresse indiqu\u00e9e, Arty Catz ne sera pas tenu responsable et les frais de r\u00e9exp\u00e9dition seront \u00e0 la charge du client.<\/p><p>De plus, Arty Catz ne peut \u00eatre tenu responsable en cas de retards, perturbations, dommages, pertes totales ou partielles, gr\u00e8ves totales ou partielles des services postaux et\/ou des transporteurs.<\/p><p><strong>\u00a0<\/strong><\/p><p><strong>5.3 &#8211; D\u00e9lai et suivi de commande<\/strong><\/p><p>Les d\u00e9lais d\u2019envoi du produit sont g\u00e9n\u00e9ralement compris entre 2 et 72 heures. Les d\u00e9lais de livraison s\u2019ajoutent ensuite, allant de 5 \u00e0 21 jours, en fonction de divers crit\u00e8res. Les d\u00e9lais sont indicatifs et d\u00e9pendent notamment de la disponibilit\u00e9 des transporteurs et du contexte mondial g\u00e9n\u00e9ral. Cependant, Arty Catz s&rsquo;efforce de respecter les d\u00e9lais les plus rapides possibles pour le confort des clients. Les retards de livraison ne peuvent entra\u00eener aucune p\u00e9nalit\u00e9 ou indemnit\u00e9 ni annulation de la commande. Le Client peut \u00e0 tout moment demander un suivi de sa commande par email \u00e0 <a href=\"mailto:contact@artycatz.com\">contact@artycatz.com<\/a>.<\/p><p>Arty Catz reste \u00e0 l\u2019\u00e9coute du Client \u00e0 tout moment par email \u00e0 <a href=\"mailto:contact@artycatz.com\">contact@artycatz.com<\/a><\/p><p><strong>\u00a0<\/strong><\/p><p><strong>5.4 &#8211; Risques<\/strong><\/p><p>Le transfert des produits repr\u00e9sente un risque. Les produits voyagent alors aux risques et p\u00e9rils du Client. S&rsquo;il le souhaite, il peut souscrire une assurance compl\u00e9mentaire apr\u00e8s des prestataires sp\u00e9cialis\u00e9s.<\/p><p><strong>\u00a0<\/strong><\/p><p><strong>5.5 &#8211; R\u00e9ception<\/strong><\/p><p>Lors de la livraison, il est de la responsabilit\u00e9 du Client de signaler tout manquant ou tout dommage au transporteur. Cela peut se faire en refusant la livraison ou en formulant les r\u00e9serves n\u00e9cessaires par \u00e9crit et en les datant. Si le Client ne formule aucune r\u00e9serve par lettre recommand\u00e9e avec accus\u00e9 de r\u00e9ception dans les 3 jours suivant la r\u00e9ception de la livraison, et si une copie de celle-ci n&rsquo;est pas envoy\u00e9e \u00e0 Arty Catz, le produit sera consid\u00e9r\u00e9 comme accept\u00e9 par le Client.<\/p><p>Il est possible que des exp\u00e9ditions soient fractionn\u00e9es pour des raisons techniques ou logistiques. Dans ce cas, le Client ne sera factur\u00e9 pour les frais de traitement et d&rsquo;exp\u00e9dition qu&rsquo;une seule fois pour l&rsquo;ensemble de l&rsquo;envoi.<\/p><p>\u00a0<\/p><p><strong>5.6 &#8211; Garanties<\/strong><\/p><p>Nous offrons une garantie de qualit\u00e9 sur tous les produits vendus sur notre site.<\/p><p>En cas de produits d\u00e9fectueux ou endommag\u00e9s, nous proc\u00e9dons \u00e0 un remboursement ou \u00e0 un \u00e9change.<\/p>\t\t\t\t\t\t\t\t<\/div>\n\t\t\t\t<\/div>\n\t\t\t\t\t<\/div>\n\t\t<\/div>\n\t\t\t\t\t<\/div>\n\t\t<\/section>\n\t\t\t\t<\/div>","protected":false},"excerpt":{"rendered":"<p>Pour toute information relative \u00e0 la livraison, vous pouvez tout d&rsquo;abord consulter notre Foire aux questions (FAQ)&nbsp; https:\/\/artycatz.com\/faqs\/ Sinon voici un extrait de nos Conditions G\u00e9n\u00e9rales de Vente concernant la livraison: Article 5 &#8211; Livraison, garanties et remboursements &nbsp; 5.1 Indisponibilit\u00e9 des produits Arty Catz s&rsquo;engage \u00e0 livrer les commandes en ligne dans la limite [&#8230;]\n","protected":false},"author":1,"featured_media":0,"parent":0,"menu_order":0,"comment_status":"closed","ping_status":"closed","template":"","meta":{"footnotes":""},"class_list":["post-63968","page","type-page","status-publish","hentry"],"jetpack_sharing_enabled":true,"_links":{"self":[{"href":"https:\/\/artycatz.com\/en\/wp-json\/wp\/v2\/pages\/63968","targetHints":{"allow":["GET"]}}],"collection":[{"href":"https:\/\/artycatz.com\/en\/wp-json\/wp\/v2\/pages"}],"about":[{"href":"https:\/\/artycatz.com\/en\/wp-json\/wp\/v2\/types\/page"}],"author":[{"embeddable":true,"href":"https:\/\/artycatz.com\/en\/wp-json\/wp\/v2\/users\/1"}],"replies":[{"embeddable":true,"href":"https:\/\/artycatz.com\/en\/wp-json\/wp\/v2\/comments?post=63968"}],"version-history":[{"count":11,"href":"https:\/\/artycatz.com\/en\/wp-json\/wp\/v2\/pages\/63968\/revisions"}],"predecessor-version":[{"id":64398,"href":"https:\/\/artycatz.com\/en\/wp-json\/wp\/v2\/pages\/63968\/revisions\/64398"}],"wp:attachment":[{"href":"https:\/\/artycatz.com\/en\/wp-json\/wp\/v2\/media?parent=63968"}],"curies":[{"name":"wp","href":"https:\/\/api.w.org\/{rel}","templated":true}]}}