{"id":63980,"date":"2023-02-09T23:17:59","date_gmt":"2023-02-09T22:17:59","guid":{"rendered":"https:\/\/artycatz.com\/?page_id=63980"},"modified":"2023-05-11T16:14:13","modified_gmt":"2023-05-11T14:14:13","slug":"echanges-et-retours","status":"publish","type":"page","link":"https:\/\/artycatz.com\/en\/echanges-et-retours\/","title":{"rendered":"\u00c9changes et retours"},"content":{"rendered":"<div data-elementor-type=\"wp-page\" data-elementor-id=\"63980\" class=\"elementor elementor-63980\" data-elementor-post-type=\"page\">\n\t\t\t\t\t\t<section class=\"elementor-section elementor-top-section elementor-element elementor-element-86e8e56 elementor-section-boxed elementor-section-height-default elementor-section-height-default\" data-id=\"86e8e56\" data-element_type=\"section\" data-e-type=\"section\">\n\t\t\t\t\t\t<div class=\"elementor-container elementor-column-gap-default\">\n\t\t\t\t\t<div class=\"elementor-column elementor-col-50 elementor-top-column elementor-element elementor-element-d544d91\" data-id=\"d544d91\" data-element_type=\"column\" data-e-type=\"column\">\n\t\t\t<div class=\"elementor-widget-wrap elementor-element-populated\">\n\t\t\t\t\t\t<div class=\"elementor-element elementor-element-cd6731a elementor-widget elementor-widget-heading\" data-id=\"cd6731a\" data-element_type=\"widget\" data-e-type=\"widget\" data-widget_type=\"heading.default\">\n\t\t\t\t<div class=\"elementor-widget-container\">\n\t\t\t\t\t<h1 class=\"elementor-heading-title elementor-size-default\"> Information relative aux \u00e9changes et retours Arty Catz<\/h1>\t\t\t\t<\/div>\n\t\t\t\t<\/div>\n\t\t\t\t<div class=\"elementor-element elementor-element-13054c7 elementor-widget elementor-widget-spacer\" data-id=\"13054c7\" data-element_type=\"widget\" data-e-type=\"widget\" data-widget_type=\"spacer.default\">\n\t\t\t\t<div class=\"elementor-widget-container\">\n\t\t\t\t\t\t\t<div class=\"elementor-spacer\">\n\t\t\t<div class=\"elementor-spacer-inner\"><\/div>\n\t\t<\/div>\n\t\t\t\t\t\t<\/div>\n\t\t\t\t<\/div>\n\t\t\t\t<div class=\"elementor-element elementor-element-29d64e2 elementor-widget elementor-widget-image\" data-id=\"29d64e2\" data-element_type=\"widget\" data-e-type=\"widget\" data-widget_type=\"image.default\">\n\t\t\t\t<div class=\"elementor-widget-container\">\n\t\t\t\t\t\t\t\t\t\t\t\t\t\t\t<img fetchpriority=\"high\" decoding=\"async\" width=\"1020\" height=\"682\" src=\"https:\/\/artycatz.com\/wp-content\/uploads\/2023\/05\/echanges-et-retours-Arty-Catz-1024x685.jpg\" class=\"attachment-large size-large wp-image-67282 wvs-archive-product-image\" alt=\"\" srcset=\"https:\/\/artycatz.com\/wp-content\/uploads\/2023\/05\/echanges-et-retours-Arty-Catz-1024x685.jpg 1024w, https:\/\/artycatz.com\/wp-content\/uploads\/2023\/05\/echanges-et-retours-Arty-Catz-510x341.jpg 510w, https:\/\/artycatz.com\/wp-content\/uploads\/2023\/05\/echanges-et-retours-Arty-Catz-300x201.jpg 300w, https:\/\/artycatz.com\/wp-content\/uploads\/2023\/05\/echanges-et-retours-Arty-Catz-768x514.jpg 768w, https:\/\/artycatz.com\/wp-content\/uploads\/2023\/05\/echanges-et-retours-Arty-Catz-18x12.jpg 18w, https:\/\/artycatz.com\/wp-content\/uploads\/2023\/05\/echanges-et-retours-Arty-Catz.jpg 1500w\" sizes=\"(max-width: 1020px) 100vw, 1020px\" \/>\t\t\t\t\t\t\t\t\t\t\t\t\t\t\t<\/div>\n\t\t\t\t<\/div>\n\t\t\t\t<div class=\"elementor-element elementor-element-c7457da elementor-widget elementor-widget-spacer\" data-id=\"c7457da\" data-element_type=\"widget\" data-e-type=\"widget\" data-widget_type=\"spacer.default\">\n\t\t\t\t<div class=\"elementor-widget-container\">\n\t\t\t\t\t\t\t<div class=\"elementor-spacer\">\n\t\t\t<div class=\"elementor-spacer-inner\"><\/div>\n\t\t<\/div>\n\t\t\t\t\t\t<\/div>\n\t\t\t\t<\/div>\n\t\t\t\t<div class=\"elementor-element elementor-element-9f1c18c elementor-widget elementor-widget-text-editor\" data-id=\"9f1c18c\" data-element_type=\"widget\" data-e-type=\"widget\" data-widget_type=\"text-editor.default\">\n\t\t\t\t<div class=\"elementor-widget-container\">\n\t\t\t\t\t\t\t\t\t<p>Pour toute information relative aux \u00e9changes et retours, vous pouvez tout d\u2019abord consulter notre <a href=\"https:\/\/artycatz.com\/en\/faqs\/\">Foire aux questions (FAQ)<\/a><\/p><p>Sinon voici un extrait de nos Conditions G\u00e9n\u00e9rales de Vente concernant les \u00e9changes et retours:<\/p>\t\t\t\t\t\t\t\t<\/div>\n\t\t\t\t<\/div>\n\t\t\t\t\t<\/div>\n\t\t<\/div>\n\t\t\t\t<div class=\"elementor-column elementor-col-50 elementor-top-column elementor-element elementor-element-90f9e8b\" data-id=\"90f9e8b\" data-element_type=\"column\" data-e-type=\"column\">\n\t\t\t<div class=\"elementor-widget-wrap elementor-element-populated\">\n\t\t\t\t\t\t<div class=\"elementor-element elementor-element-4ee553d elementor-widget elementor-widget-heading\" data-id=\"4ee553d\" data-element_type=\"widget\" data-e-type=\"widget\" data-widget_type=\"heading.default\">\n\t\t\t\t<div class=\"elementor-widget-container\">\n\t\t\t\t\t<h2 class=\"elementor-heading-title elementor-size-default\">Article 1 : Droit de R\u00e9tractation<\/h2>\t\t\t\t<\/div>\n\t\t\t\t<\/div>\n\t\t\t\t<div class=\"elementor-element elementor-element-29d09df elementor-widget elementor-widget-spacer\" data-id=\"29d09df\" data-element_type=\"widget\" data-e-type=\"widget\" data-widget_type=\"spacer.default\">\n\t\t\t\t<div class=\"elementor-widget-container\">\n\t\t\t\t\t\t\t<div class=\"elementor-spacer\">\n\t\t\t<div class=\"elementor-spacer-inner\"><\/div>\n\t\t<\/div>\n\t\t\t\t\t\t<\/div>\n\t\t\t\t<\/div>\n\t\t\t\t<div class=\"elementor-element elementor-element-f38363e elementor-widget elementor-widget-text-editor\" data-id=\"f38363e\" data-element_type=\"widget\" data-e-type=\"widget\" data-widget_type=\"text-editor.default\">\n\t\t\t\t<div class=\"elementor-widget-container\">\n\t\t\t\t\t\t\t\t\t<p>1.1 &#8211; Le Client peut exercer son droit de r\u00e9tractation sans devoir fournir de motif ou payer de p\u00e9nalit\u00e9, dans un d\u00e9lai de quatorze jours francs \u00e0 compter de la livraison de sa commande. Si plusieurs articles ont \u00e9t\u00e9 livr\u00e9s s\u00e9par\u00e9ment, le d\u00e9lai commence \u00e0 courir \u00e0 partir de la r\u00e9ception du dernier article.<\/p><p>1.2 &#8211; Pour exercer son droit de r\u00e9tractation, le Client peut envoyer une notification sans \u00e9quivoque au Vendeur, ou utiliser le formulaire de r\u00e9tractation qui figure dans les conditions g\u00e9n\u00e9rales de vente \u00e0 l&rsquo;article 7.6. Afin de respecter le d\u00e9lai de r\u00e9tractation, la notification doit \u00eatre envoy\u00e9e en utilisant un moyen permettant au Client de prouver la date de notification, tels qu&rsquo;une lettre recommand\u00e9e ou un email.<\/p><p>1.3 &#8211; En cas d&rsquo;exercice du droit de r\u00e9tractation, le Client doit retourner les articles dans un \u00e9tat satisfaisant, avec tout leur emballage, accessoires et notices d&rsquo;utilisation, m\u00eame s&rsquo;ils ont \u00e9t\u00e9 d\u00e9ball\u00e9s. Les articles doivent \u00eatre retourn\u00e9s au Vendeur dans les 14 jours suivant la d\u00e9cision de r\u00e9tractation. Les frais de retour seront \u00e0 la charge du Client. Le Client peut \u00e9galement indiquer les raisons de son choix de r\u00e9tractation, afin d&rsquo;aider le Vendeur \u00e0 am\u00e9liorer son service.<\/p><p>1.4 &#8211; Le Vendeur effectuera le remboursement des articles retourn\u00e9s d\u00e8s r\u00e9ception de ceux-ci ou lorsque le Client aura fourni une preuve de leur exp\u00e9dition.<\/p><p>1.5 &#8211; Le Client sera responsable des d\u00e9gradations ou d\u00e9pr\u00e9ciations caus\u00e9es aux articles retourn\u00e9s en cas de manipulations non n\u00e9cessaires pour d\u00e9terminer la nature, les caract\u00e9ristiques et le bon fonctionnement de ces articles.<\/p><p>1.6 \u2013 Le Client peut utiliser le formulaire type de r\u00e9tractation suivant s&rsquo;il le souhaite :<br \/>A l&rsquo;attention d&rsquo;artycatz.com, contact@artycatz.com :<br \/>Je\/nous (*) vous notifie\/notifions (*) par la pr\u00e9sente ma\/notre (*) r\u00e9tractation du contrat portant sur la vente du bien (*)\/pour la prestation de services (*) ci-dessous :<br \/>Command\u00e9 le (*)\/re\u00e7u le (*) :<br \/>Nom du (des) consommateur(s) :<br \/>Adresse du (des) consommateur(s) :<br \/>Signature du (des) consommateur(s) :<br \/>Date :<br \/>(*) Rayez la mention inutile.<\/p><p>\u00a0<\/p>\t\t\t\t\t\t\t\t<\/div>\n\t\t\t\t<\/div>\n\t\t\t\t<div class=\"elementor-element elementor-element-607a515 elementor-widget elementor-widget-heading\" data-id=\"607a515\" data-element_type=\"widget\" data-e-type=\"widget\" data-widget_type=\"heading.default\">\n\t\t\t\t<div class=\"elementor-widget-container\">\n\t\t\t\t\t<h2 class=\"elementor-heading-title elementor-size-default\">Article 2 : Litiges<\/h2>\t\t\t\t<\/div>\n\t\t\t\t<\/div>\n\t\t\t\t<div class=\"elementor-element elementor-element-2323d96 elementor-widget elementor-widget-spacer\" data-id=\"2323d96\" data-element_type=\"widget\" data-e-type=\"widget\" data-widget_type=\"spacer.default\">\n\t\t\t\t<div class=\"elementor-widget-container\">\n\t\t\t\t\t\t\t<div class=\"elementor-spacer\">\n\t\t\t<div class=\"elementor-spacer-inner\"><\/div>\n\t\t<\/div>\n\t\t\t\t\t\t<\/div>\n\t\t\t\t<\/div>\n\t\t\t\t<div class=\"elementor-element elementor-element-4d03a6c elementor-widget elementor-widget-text-editor\" data-id=\"4d03a6c\" data-element_type=\"widget\" data-e-type=\"widget\" data-widget_type=\"text-editor.default\">\n\t\t\t\t<div class=\"elementor-widget-container\">\n\t\t\t\t\t\t\t\t\t<p>Nous nous engageons \u00e0 faire de notre mieux pour r\u00e9soudre les litiges de mani\u00e8re amicale et efficace.<br \/>En cas de r\u00e9clamation portant sur une erreur de produit, le client s\u2019engage \u00e0 le retourner \u00e0 Arty Catz dans un d\u00e9lai de 14 jours suivant sa r\u00e9ception. Le produit doit imp\u00e9rativement \u00eatre renvoy\u00e9 sans que le conditionnement ait \u00e9t\u00e9 ouvert, dans son \u00e9tat et dans son emballage d\u2019origine avec les documents originaux l\u2019accompagnant. Arty Catz renverra, \u00e0 ses frais, le produit initialement command\u00e9 par le Client, d\u00e8s r\u00e9ception du produit en retour Client.<\/p><p>Si une solution n&rsquo;est pas trouv\u00e9e, les litiges seront soumis \u00e0 la juridiction comp\u00e9tente.<br \/>Par ailleurs, conform\u00e9ment \u00e0 l\u2019article L. 616-2 et l\u2019article 14 du R\u00e8glement europ\u00e9en n\u00b0524\/2013 relatif au r\u00e8glement en ligne des litiges de consommation le Client a la possibilit\u00e9 de recourir au syst\u00e8me de m\u00e9diation.<br \/>Le litige pourra \u00e9galement \u00eatre port\u00e9 directement ou \u00e0 d\u00e9faut de r\u00e9solution dans le cadre de la m\u00e9diation, devant le Tribunal comp\u00e9tent en application des r\u00e8gles de comp\u00e9tence en vigueur.<\/p>\t\t\t\t\t\t\t\t<\/div>\n\t\t\t\t<\/div>\n\t\t\t\t\t<\/div>\n\t\t<\/div>\n\t\t\t\t\t<\/div>\n\t\t<\/section>\n\t\t\t\t<\/div>","protected":false},"excerpt":{"rendered":"<p>Information relative aux \u00e9changes et retours Arty Catz Pour toute information relative aux \u00e9changes et retours, vous pouvez tout d\u2019abord consulter notre Foire aux questions (FAQ) Sinon voici un extrait de nos Conditions G\u00e9n\u00e9rales de Vente concernant les \u00e9changes et retours: Article 1 : Droit de R\u00e9tractation 1.1 &#8211; Le Client peut exercer son droit [&#8230;]\n","protected":false},"author":1,"featured_media":0,"parent":0,"menu_order":0,"comment_status":"closed","ping_status":"closed","template":"","meta":{"footnotes":""},"class_list":["post-63980","page","type-page","status-publish","hentry"],"jetpack_sharing_enabled":true,"_links":{"self":[{"href":"https:\/\/artycatz.com\/en\/wp-json\/wp\/v2\/pages\/63980","targetHints":{"allow":["GET"]}}],"collection":[{"href":"https:\/\/artycatz.com\/en\/wp-json\/wp\/v2\/pages"}],"about":[{"href":"https:\/\/artycatz.com\/en\/wp-json\/wp\/v2\/types\/page"}],"author":[{"embeddable":true,"href":"https:\/\/artycatz.com\/en\/wp-json\/wp\/v2\/users\/1"}],"replies":[{"embeddable":true,"href":"https:\/\/artycatz.com\/en\/wp-json\/wp\/v2\/comments?post=63980"}],"version-history":[{"count":21,"href":"https:\/\/artycatz.com\/en\/wp-json\/wp\/v2\/pages\/63980\/revisions"}],"predecessor-version":[{"id":67291,"href":"https:\/\/artycatz.com\/en\/wp-json\/wp\/v2\/pages\/63980\/revisions\/67291"}],"wp:attachment":[{"href":"https:\/\/artycatz.com\/en\/wp-json\/wp\/v2\/media?parent=63980"}],"curies":[{"name":"wp","href":"https:\/\/api.w.org\/{rel}","templated":true}]}}