{"id":55354,"date":"2022-10-10T01:46:58","date_gmt":"2022-10-09T23:46:58","guid":{"rendered":"https:\/\/artycatz.com\/produit\/filtre-de-fontaine-a-charbon-actif-de-remplacement-pour-animaux-de-compagnie-distributeur-deau-pour-chat-et-chien-mangeoire-pour-fontaine-a-eau-8-filtres-2-mousses\/"},"modified":"2023-04-29T16:36:21","modified_gmt":"2023-04-29T14:36:21","slug":"x-filtre-pour-fontaine-a-eau-en-acier-inoxydable-moon-2l","status":"publish","type":"product","link":"https:\/\/artycatz.com\/en\/product\/x-filtre-pour-fontaine-a-eau-en-acier-inoxydable-moon-2l\/","title":{"rendered":"X- Filtre pour fontaine \u00e0 eau en acier inoxydable \u00ab\u00a0Moon\u00a0\u00bb 2L"},"content":{"rendered":"\t\t<div data-elementor-type=\"product-post\" data-elementor-id=\"55354\" class=\"elementor elementor-55354\" data-elementor-post-type=\"product\">\n\t\t\t\t\t\t<section class=\"elementor-section elementor-top-section elementor-element elementor-element-4bb41c88 elementor-section-full_width elementor-section-height-default elementor-section-height-default\" data-id=\"4bb41c88\" data-element_type=\"section\" data-e-type=\"section\">\n\t\t\t\t\t\t<div class=\"elementor-container elementor-column-gap-default\">\n\t\t\t\t\t<div class=\"elementor-column elementor-col-50 elementor-top-column elementor-element elementor-element-228891a6\" data-id=\"228891a6\" data-element_type=\"column\" data-e-type=\"column\">\n\t\t\t<div class=\"elementor-widget-wrap elementor-element-populated\">\n\t\t\t\t\t\t<div class=\"elementor-element elementor-element-c7b8167 elementor-widget elementor-widget-heading\" data-id=\"c7b8167\" data-element_type=\"widget\" data-e-type=\"widget\" data-widget_type=\"heading.default\">\n\t\t\t\t<div class=\"elementor-widget-container\">\n\t\t\t\t\t<h1 class=\"elementor-heading-title elementor-size-default\">Filtre pour fontaine \u00e0 eau en acier inoxydable \u00ab Moon \u00bb 2L <\/h1>\t\t\t\t<\/div>\n\t\t\t\t<\/div>\n\t\t\t\t<div class=\"elementor-element elementor-element-19f613bd elementor-widget elementor-widget-heading\" data-id=\"19f613bd\" data-element_type=\"widget\" data-e-type=\"widget\" data-widget_type=\"heading.default\">\n\t\t\t\t<div class=\"elementor-widget-container\">\n\t\t\t\t\t<h2 class=\"elementor-heading-title elementor-size-default\">Propret\u00e9 <br><b>et efficacit\u00e9<\/b><\/h2>\t\t\t\t<\/div>\n\t\t\t\t<\/div>\n\t\t\t\t\t<\/div>\n\t\t<\/div>\n\t\t\t\t<div class=\"elementor-column elementor-col-50 elementor-top-column elementor-element elementor-element-3e869dfc\" data-id=\"3e869dfc\" data-element_type=\"column\" data-e-type=\"column\">\n\t\t\t<div class=\"elementor-widget-wrap elementor-element-populated\">\n\t\t\t\t\t\t<div class=\"elementor-element elementor-element-217de622 elementor-widget elementor-widget-text-editor\" data-id=\"217de622\" data-element_type=\"widget\" data-e-type=\"widget\" data-widget_type=\"text-editor.default\">\n\t\t\t\t<div class=\"elementor-widget-container\">\n\t\t\t\t\t\t\t\t\t<p><strong>Filtre de remplacement<\/strong> pour la fontaine en acier inoxydable <span style=\"color: #1d494e;\"><strong><span style=\"color: #b5a65e;\"><a style=\"color: #b5a65e;\" href=\"https:\/\/artycatz.com\/produit\/fontaine-a-eau-en-acier-inoxydable-moon-ultrasilencieuse-2l\/\">\u00ab\u00a0Moon\u00a0\u00bb ultrasilencieuse 2L<\/a><\/span>.<\/strong><\/span><\/p><p>Garde l\u2019eau potable fra\u00eeche, propre et s\u00fbre et vous <strong>aide \u00e0 prendre soin de la sant\u00e9 de votre chat<\/strong> en pr\u00e9venant la formation des bact\u00e9ries.<\/p>\t\t\t\t\t\t\t\t<\/div>\n\t\t\t\t<\/div>\n\t\t\t\t\t<\/div>\n\t\t<\/div>\n\t\t\t\t\t<\/div>\n\t\t<\/section>\n\t\t\t\t<section class=\"elementor-section elementor-top-section elementor-element elementor-element-6ab63707 elementor-section-boxed elementor-section-height-default elementor-section-height-default\" data-id=\"6ab63707\" data-element_type=\"section\" data-e-type=\"section\">\n\t\t\t\t\t\t<div class=\"elementor-container elementor-column-gap-default\">\n\t\t\t\t\t<div class=\"elementor-column elementor-col-33 elementor-top-column elementor-element elementor-element-18903e84\" data-id=\"18903e84\" data-element_type=\"column\" data-e-type=\"column\">\n\t\t\t<div class=\"elementor-widget-wrap elementor-element-populated\">\n\t\t\t\t\t\t<div class=\"elementor-element elementor-element-4d8d2a36 elementor-widget elementor-widget-image\" data-id=\"4d8d2a36\" data-element_type=\"widget\" data-e-type=\"widget\" data-widget_type=\"image.default\">\n\t\t\t\t<div class=\"elementor-widget-container\">\n\t\t\t\t\t\t\t\t\t\t\t\t\t\t\t\t<a href=\"https:\/\/artycatz.com\/wp-content\/uploads\/2022\/10\/1.png\" data-elementor-open-lightbox=\"yes\" data-elementor-lightbox-title=\"1\" data-e-action-hash=\"#elementor-action%3Aaction%3Dlightbox%26settings%3DeyJpZCI6NTUzNjUsInVybCI6Imh0dHBzOlwvXC9hcnR5Y2F0ei5jb21cL3dwLWNvbnRlbnRcL3VwbG9hZHNcLzIwMjJcLzEwXC8xLnBuZyJ9\">\n\t\t\t\t\t\t\t<img fetchpriority=\"high\" decoding=\"async\" width=\"800\" height=\"800\" src=\"https:\/\/artycatz.com\/wp-content\/uploads\/2022\/10\/1.png\" class=\"attachment-large size-large wp-image-55365 wvs-archive-product-image\" alt=\"\" srcset=\"https:\/\/artycatz.com\/wp-content\/uploads\/2022\/10\/1.png 800w, https:\/\/artycatz.com\/wp-content\/uploads\/2022\/10\/1-247x247.png 247w, https:\/\/artycatz.com\/wp-content\/uploads\/2022\/10\/1-100x100.png 100w, https:\/\/artycatz.com\/wp-content\/uploads\/2022\/10\/1-510x510.png 510w, https:\/\/artycatz.com\/wp-content\/uploads\/2022\/10\/1-300x300.png 300w, https:\/\/artycatz.com\/wp-content\/uploads\/2022\/10\/1-150x150.png 150w, https:\/\/artycatz.com\/wp-content\/uploads\/2022\/10\/1-768x768.png 768w, https:\/\/artycatz.com\/wp-content\/uploads\/2022\/10\/1-50x50.png 50w\" sizes=\"(max-width: 800px) 100vw, 800px\" \/>\t\t\t\t\t\t\t\t<\/a>\n\t\t\t\t\t\t\t\t\t\t\t\t\t\t\t<\/div>\n\t\t\t\t<\/div>\n\t\t\t\t\t<\/div>\n\t\t<\/div>\n\t\t\t\t<div class=\"elementor-column elementor-col-33 elementor-top-column elementor-element elementor-element-2a689cb8\" data-id=\"2a689cb8\" data-element_type=\"column\" data-e-type=\"column\">\n\t\t\t<div class=\"elementor-widget-wrap elementor-element-populated\">\n\t\t\t\t\t\t<div class=\"elementor-element elementor-element-5a85c3d elementor-widget elementor-widget-image\" data-id=\"5a85c3d\" data-element_type=\"widget\" data-e-type=\"widget\" data-widget_type=\"image.default\">\n\t\t\t\t<div class=\"elementor-widget-container\">\n\t\t\t\t\t\t\t\t\t\t\t\t\t\t\t\t<a href=\"https:\/\/artycatz.com\/wp-content\/uploads\/2022\/10\/4.png\" data-elementor-open-lightbox=\"yes\" data-elementor-lightbox-title=\"4\" data-e-action-hash=\"#elementor-action%3Aaction%3Dlightbox%26settings%3DeyJpZCI6NTUzNjcsInVybCI6Imh0dHBzOlwvXC9hcnR5Y2F0ei5jb21cL3dwLWNvbnRlbnRcL3VwbG9hZHNcLzIwMjJcLzEwXC80LnBuZyJ9\">\n\t\t\t\t\t\t\t<img decoding=\"async\" width=\"800\" height=\"800\" src=\"https:\/\/artycatz.com\/wp-content\/uploads\/2022\/10\/4.png\" class=\"attachment-large size-large wp-image-55367 wvs-archive-product-image\" alt=\"\" srcset=\"https:\/\/artycatz.com\/wp-content\/uploads\/2022\/10\/4.png 800w, https:\/\/artycatz.com\/wp-content\/uploads\/2022\/10\/4-247x247.png 247w, https:\/\/artycatz.com\/wp-content\/uploads\/2022\/10\/4-100x100.png 100w, https:\/\/artycatz.com\/wp-content\/uploads\/2022\/10\/4-510x510.png 510w, https:\/\/artycatz.com\/wp-content\/uploads\/2022\/10\/4-300x300.png 300w, https:\/\/artycatz.com\/wp-content\/uploads\/2022\/10\/4-150x150.png 150w, https:\/\/artycatz.com\/wp-content\/uploads\/2022\/10\/4-768x768.png 768w, https:\/\/artycatz.com\/wp-content\/uploads\/2022\/10\/4-50x50.png 50w\" sizes=\"(max-width: 800px) 100vw, 800px\" \/>\t\t\t\t\t\t\t\t<\/a>\n\t\t\t\t\t\t\t\t\t\t\t\t\t\t\t<\/div>\n\t\t\t\t<\/div>\n\t\t\t\t\t<\/div>\n\t\t<\/div>\n\t\t\t\t<div class=\"elementor-column elementor-col-33 elementor-top-column elementor-element elementor-element-1c59cfa8\" data-id=\"1c59cfa8\" data-element_type=\"column\" data-e-type=\"column\">\n\t\t\t<div class=\"elementor-widget-wrap elementor-element-populated\">\n\t\t\t\t\t\t<div class=\"elementor-element elementor-element-dce6451 elementor-widget elementor-widget-image\" data-id=\"dce6451\" data-element_type=\"widget\" data-e-type=\"widget\" data-widget_type=\"image.default\">\n\t\t\t\t<div class=\"elementor-widget-container\">\n\t\t\t\t\t\t\t\t\t\t\t\t\t\t\t\t<a href=\"https:\/\/artycatz.com\/wp-content\/uploads\/2022\/10\/3.png\" data-elementor-open-lightbox=\"yes\" data-elementor-lightbox-title=\"3\" data-e-action-hash=\"#elementor-action%3Aaction%3Dlightbox%26settings%3DeyJpZCI6NTUzNjYsInVybCI6Imh0dHBzOlwvXC9hcnR5Y2F0ei5jb21cL3dwLWNvbnRlbnRcL3VwbG9hZHNcLzIwMjJcLzEwXC8zLnBuZyJ9\">\n\t\t\t\t\t\t\t<img decoding=\"async\" width=\"800\" height=\"800\" src=\"https:\/\/artycatz.com\/wp-content\/uploads\/2022\/10\/3.png\" class=\"attachment-large size-large wp-image-55366 wvs-archive-product-image\" alt=\"\" srcset=\"https:\/\/artycatz.com\/wp-content\/uploads\/2022\/10\/3.png 800w, https:\/\/artycatz.com\/wp-content\/uploads\/2022\/10\/3-247x247.png 247w, https:\/\/artycatz.com\/wp-content\/uploads\/2022\/10\/3-100x100.png 100w, https:\/\/artycatz.com\/wp-content\/uploads\/2022\/10\/3-510x510.png 510w, https:\/\/artycatz.com\/wp-content\/uploads\/2022\/10\/3-300x300.png 300w, https:\/\/artycatz.com\/wp-content\/uploads\/2022\/10\/3-150x150.png 150w, https:\/\/artycatz.com\/wp-content\/uploads\/2022\/10\/3-768x768.png 768w, https:\/\/artycatz.com\/wp-content\/uploads\/2022\/10\/3-50x50.png 50w\" sizes=\"(max-width: 800px) 100vw, 800px\" \/>\t\t\t\t\t\t\t\t<\/a>\n\t\t\t\t\t\t\t\t\t\t\t\t\t\t\t<\/div>\n\t\t\t\t<\/div>\n\t\t\t\t\t<\/div>\n\t\t<\/div>\n\t\t\t\t\t<\/div>\n\t\t<\/section>\n\t\t\t\t<section class=\"elementor-section elementor-top-section elementor-element elementor-element-582c5ca8 elementor-section-full_width elementor-section-height-default elementor-section-height-default\" data-id=\"582c5ca8\" data-element_type=\"section\" data-e-type=\"section\">\n\t\t\t\t\t\t<div class=\"elementor-container elementor-column-gap-default\">\n\t\t\t\t\t<div class=\"elementor-column elementor-col-50 elementor-top-column elementor-element elementor-element-64026c2e\" data-id=\"64026c2e\" data-element_type=\"column\" data-e-type=\"column\">\n\t\t\t<div class=\"elementor-widget-wrap elementor-element-populated\">\n\t\t\t\t\t\t<div class=\"elementor-element elementor-element-7ae173b9 elementor-widget elementor-widget-image\" data-id=\"7ae173b9\" data-element_type=\"widget\" data-e-type=\"widget\" data-widget_type=\"image.default\">\n\t\t\t\t<div class=\"elementor-widget-container\">\n\t\t\t\t\t\t\t\t\t\t\t\t\t\t\t\t<a href=\"https:\/\/artycatz.com\/wp-content\/uploads\/2022\/10\/2-cok.jpg\" data-elementor-open-lightbox=\"yes\" data-elementor-lightbox-title=\"2 cok\" data-e-action-hash=\"#elementor-action%3Aaction%3Dlightbox%26settings%3DeyJpZCI6NTUzODEsInVybCI6Imh0dHBzOlwvXC9hcnR5Y2F0ei5jb21cL3dwLWNvbnRlbnRcL3VwbG9hZHNcLzIwMjJcLzEwXC8yLWNvay5qcGcifQ%3D%3D\">\n\t\t\t\t\t\t\t<img loading=\"lazy\" decoding=\"async\" width=\"466\" height=\"700\" src=\"https:\/\/artycatz.com\/wp-content\/uploads\/2022\/10\/2-cok.jpg\" class=\"attachment-full size-full wp-image-55381 wvs-archive-product-image\" alt=\"\" srcset=\"https:\/\/artycatz.com\/wp-content\/uploads\/2022\/10\/2-cok.jpg 466w, https:\/\/artycatz.com\/wp-content\/uploads\/2022\/10\/2-cok-200x300.jpg 200w\" sizes=\"(max-width: 466px) 100vw, 466px\" \/>\t\t\t\t\t\t\t\t<\/a>\n\t\t\t\t\t\t\t\t\t\t\t\t\t\t\t<\/div>\n\t\t\t\t<\/div>\n\t\t\t\t\t<\/div>\n\t\t<\/div>\n\t\t\t\t<div class=\"elementor-column elementor-col-50 elementor-top-column elementor-element elementor-element-573c26f5\" data-id=\"573c26f5\" data-element_type=\"column\" data-e-type=\"column\">\n\t\t\t<div class=\"elementor-widget-wrap elementor-element-populated\">\n\t\t\t\t\t\t<section class=\"elementor-section elementor-inner-section elementor-element elementor-element-d7c0159 elementor-section-height-min-height elementor-section-boxed elementor-section-height-default\" data-id=\"d7c0159\" data-element_type=\"section\" data-e-type=\"section\">\n\t\t\t\t\t\t<div class=\"elementor-container elementor-column-gap-default\">\n\t\t\t\t\t<div class=\"elementor-column elementor-col-100 elementor-inner-column elementor-element elementor-element-768270fc\" data-id=\"768270fc\" data-element_type=\"column\" data-e-type=\"column\" data-settings=\"{&quot;motion_fx_motion_fx_scrolling&quot;:&quot;yes&quot;,&quot;motion_fx_translateX_effect&quot;:&quot;yes&quot;,&quot;motion_fx_translateX_speed&quot;:{&quot;unit&quot;:&quot;px&quot;,&quot;size&quot;:&quot;1&quot;,&quot;sizes&quot;:[]},&quot;motion_fx_translateX_affectedRange&quot;:{&quot;unit&quot;:&quot;%&quot;,&quot;size&quot;:&quot;&quot;,&quot;sizes&quot;:{&quot;start&quot;:&quot;0&quot;,&quot;end&quot;:&quot;50&quot;}},&quot;motion_fx_devices&quot;:[&quot;desktop&quot;]}\">\n\t\t\t<div class=\"elementor-widget-wrap elementor-element-populated\">\n\t\t\t\t\t\t<div class=\"elementor-element elementor-element-7c010776 elementor-widget elementor-widget-heading\" data-id=\"7c010776\" data-element_type=\"widget\" data-e-type=\"widget\" data-widget_type=\"heading.default\">\n\t\t\t\t<div class=\"elementor-widget-container\">\n\t\t\t\t\t<p class=\"elementor-heading-title elementor-size-default\">\"<\/p>\t\t\t\t<\/div>\n\t\t\t\t<\/div>\n\t\t\t\t<div class=\"elementor-element elementor-element-16cf59d elementor-widget elementor-widget-text-editor\" data-id=\"16cf59d\" data-element_type=\"widget\" data-e-type=\"widget\" data-widget_type=\"text-editor.default\">\n\t\t\t\t<div class=\"elementor-widget-container\">\n\t\t\t\t\t\t\t\t\t<p><strong>Trois \u00e9tapes de filtration assurent la qualit\u00e9 de l\u2019eau pour la garder propre et fra\u00eeche \u00e0 tout moment.<\/strong><\/p><p><br \/>\u2013 La grille plastique externe filtre les grosses impuret\u00e9s<br \/>\u2013 Les billes de r\u00e9sine adoucissent l\u2019eau<br \/>\u2013 Le charbon actif adsorbe les plus petites impuret\u00e9s, telles que poussi\u00e8res ou compos\u00e9s organiques volatiles. Elimine odeurs et bact\u00e9ries<\/p>\t\t\t\t\t\t\t\t<\/div>\n\t\t\t\t<\/div>\n\t\t\t\t\t<\/div>\n\t\t<\/div>\n\t\t\t\t\t<\/div>\n\t\t<\/section>\n\t\t\t\t\t<\/div>\n\t\t<\/div>\n\t\t\t\t\t<\/div>\n\t\t<\/section>\n\t\t\t\t<section class=\"elementor-section elementor-top-section elementor-element elementor-element-7c5108dc elementor-section-boxed elementor-section-height-default elementor-section-height-default\" data-id=\"7c5108dc\" data-element_type=\"section\" data-e-type=\"section\">\n\t\t\t\t\t\t<div class=\"elementor-container elementor-column-gap-default\">\n\t\t\t\t\t<div class=\"elementor-column elementor-col-33 elementor-top-column elementor-element elementor-element-686314af\" data-id=\"686314af\" data-element_type=\"column\" data-e-type=\"column\">\n\t\t\t<div class=\"elementor-widget-wrap elementor-element-populated\">\n\t\t\t\t\t\t<div class=\"elementor-element elementor-element-85c8049 elementor-widget-divider--view-line elementor-widget elementor-widget-divider\" data-id=\"85c8049\" data-element_type=\"widget\" data-e-type=\"widget\" data-settings=\"{&quot;motion_fx_motion_fx_scrolling&quot;:&quot;yes&quot;,&quot;motion_fx_translateX_effect&quot;:&quot;yes&quot;,&quot;motion_fx_translateX_direction&quot;:&quot;negative&quot;,&quot;motion_fx_translateX_speed&quot;:{&quot;unit&quot;:&quot;px&quot;,&quot;size&quot;:&quot;0.5&quot;,&quot;sizes&quot;:[]},&quot;motion_fx_devices&quot;:[&quot;desktop&quot;,&quot;tablet&quot;],&quot;motion_fx_translateX_affectedRange&quot;:{&quot;unit&quot;:&quot;%&quot;,&quot;size&quot;:&quot;&quot;,&quot;sizes&quot;:{&quot;start&quot;:0,&quot;end&quot;:100}}}\" data-widget_type=\"divider.default\">\n\t\t\t\t<div class=\"elementor-widget-container\">\n\t\t\t\t\t\t\t<div class=\"elementor-divider\">\n\t\t\t<span class=\"elementor-divider-separator\">\n\t\t\t\t\t\t<\/span>\n\t\t<\/div>\n\t\t\t\t\t\t<\/div>\n\t\t\t\t<\/div>\n\t\t\t\t\t<\/div>\n\t\t<\/div>\n\t\t\t\t<div class=\"elementor-column elementor-col-33 elementor-top-column elementor-element elementor-element-56f1cccd\" data-id=\"56f1cccd\" data-element_type=\"column\" data-e-type=\"column\">\n\t\t\t<div class=\"elementor-widget-wrap elementor-element-populated\">\n\t\t\t\t\t\t<div class=\"elementor-element elementor-element-347a643b elementor-widget elementor-widget-heading\" data-id=\"347a643b\" data-element_type=\"widget\" data-e-type=\"widget\" data-widget_type=\"heading.default\">\n\t\t\t\t<div class=\"elementor-widget-container\">\n\t\t\t\t\t<h2 class=\"elementor-heading-title elementor-size-default\">Caract\u00e9ristiques<\/h2>\t\t\t\t<\/div>\n\t\t\t\t<\/div>\n\t\t\t\t<div class=\"elementor-element elementor-element-45329759 elementor-widget elementor-widget-spacer\" data-id=\"45329759\" data-element_type=\"widget\" data-e-type=\"widget\" data-widget_type=\"spacer.default\">\n\t\t\t\t<div class=\"elementor-widget-container\">\n\t\t\t\t\t\t\t<div class=\"elementor-spacer\">\n\t\t\t<div class=\"elementor-spacer-inner\"><\/div>\n\t\t<\/div>\n\t\t\t\t\t\t<\/div>\n\t\t\t\t<\/div>\n\t\t\t\t<div class=\"elementor-element elementor-element-88d5b6f elementor-widget elementor-widget-text-editor\" data-id=\"88d5b6f\" data-element_type=\"widget\" data-e-type=\"widget\" data-widget_type=\"text-editor.default\">\n\t\t\t\t<div class=\"elementor-widget-container\">\n\t\t\t\t\t\t\t\t\t<p><strong>Mat\u00e9riaux: <\/strong><\/p><p>Charbon actif<br \/>R\u00e9sine<br \/>Coton<br \/>Plastique<\/p>\t\t\t\t\t\t\t\t<\/div>\n\t\t\t\t<\/div>\n\t\t\t\t\t<\/div>\n\t\t<\/div>\n\t\t\t\t<div class=\"elementor-column elementor-col-33 elementor-top-column elementor-element elementor-element-4e2748a8\" data-id=\"4e2748a8\" data-element_type=\"column\" data-e-type=\"column\">\n\t\t\t<div class=\"elementor-widget-wrap elementor-element-populated\">\n\t\t\t\t\t\t<div class=\"elementor-element elementor-element-7232d972 elementor-widget elementor-widget-spacer\" data-id=\"7232d972\" data-element_type=\"widget\" data-e-type=\"widget\" data-widget_type=\"spacer.default\">\n\t\t\t\t<div class=\"elementor-widget-container\">\n\t\t\t\t\t\t\t<div class=\"elementor-spacer\">\n\t\t\t<div class=\"elementor-spacer-inner\"><\/div>\n\t\t<\/div>\n\t\t\t\t\t\t<\/div>\n\t\t\t\t<\/div>\n\t\t\t\t<div class=\"elementor-element elementor-element-2838c0c5 elementor-widget elementor-widget-text-editor\" data-id=\"2838c0c5\" data-element_type=\"widget\" data-e-type=\"widget\" data-widget_type=\"text-editor.default\">\n\t\t\t\t<div class=\"elementor-widget-container\">\n\t\t\t\t\t\t\t\t\t<p><b>Pack<\/b><strong>\u00a0:<\/strong><\/p><p>8 pi\u00e8ces<\/p>\t\t\t\t\t\t\t\t<\/div>\n\t\t\t\t<\/div>\n\t\t\t\t\t<\/div>\n\t\t<\/div>\n\t\t\t\t\t<\/div>\n\t\t<\/section>\n\t\t\t\t<section class=\"elementor-section elementor-top-section elementor-element elementor-element-21c4d75b elementor-section-stretched elementor-section-boxed elementor-section-height-default elementor-section-height-default\" data-id=\"21c4d75b\" data-element_type=\"section\" data-e-type=\"section\" data-settings=\"{&quot;stretch_section&quot;:&quot;section-stretched&quot;}\">\n\t\t\t\t\t\t<div class=\"elementor-container elementor-column-gap-extended\">\n\t\t\t\t\t<div class=\"elementor-column elementor-col-25 elementor-top-column elementor-element elementor-element-75246933\" data-id=\"75246933\" data-element_type=\"column\" data-e-type=\"column\">\n\t\t\t<div class=\"elementor-widget-wrap elementor-element-populated\">\n\t\t\t\t\t\t<div class=\"elementor-element elementor-element-693be16b elementor-view-default elementor-position-block-start elementor-mobile-position-block-start elementor-widget elementor-widget-icon-box\" data-id=\"693be16b\" data-element_type=\"widget\" data-e-type=\"widget\" data-widget_type=\"icon-box.default\">\n\t\t\t\t<div class=\"elementor-widget-container\">\n\t\t\t\t\t\t\t<div class=\"elementor-icon-box-wrapper\">\n\n\t\t\t\t\t\t<div class=\"elementor-icon-box-icon\">\n\t\t\t\t<span  class=\"elementor-icon elementor-animation-bob\">\n\t\t\t\t<i aria-hidden=\"true\" class=\"fas fa-shipping-fast\"><\/i>\t\t\t\t<\/span>\n\t\t\t<\/div>\n\t\t\t\n\t\t\t\t\t\t<div class=\"elementor-icon-box-content\">\n\n\t\t\t\t\t\t\t\t\t<h3 class=\"elementor-icon-box-title\">\n\t\t\t\t\t\t<span  >\n\t\t\t\t\t\t\tLivraison gratuite\t\t\t\t\t\t<\/span>\n\t\t\t\t\t<\/h3>\n\t\t\t\t\n\t\t\t\t\t\t\t\t\t<p class=\"elementor-icon-box-description\">\n\t\t\t\t\t\tLivraison gratuite en France m\u00e9tropolitaine, Belgique, Suisse\t\t\t\t\t<\/p>\n\t\t\t\t\n\t\t\t<\/div>\n\t\t\t\n\t\t<\/div>\n\t\t\t\t\t\t<\/div>\n\t\t\t\t<\/div>\n\t\t\t\t\t<\/div>\n\t\t<\/div>\n\t\t\t\t<div class=\"elementor-column elementor-col-25 elementor-top-column elementor-element elementor-element-56170a25\" data-id=\"56170a25\" data-element_type=\"column\" data-e-type=\"column\">\n\t\t\t<div class=\"elementor-widget-wrap elementor-element-populated\">\n\t\t\t\t\t\t<div class=\"elementor-element elementor-element-3519c8a elementor-view-default elementor-position-block-start elementor-mobile-position-block-start elementor-widget elementor-widget-icon-box\" data-id=\"3519c8a\" data-element_type=\"widget\" data-e-type=\"widget\" data-widget_type=\"icon-box.default\">\n\t\t\t\t<div class=\"elementor-widget-container\">\n\t\t\t\t\t\t\t<div class=\"elementor-icon-box-wrapper\">\n\n\t\t\t\t\t\t<div class=\"elementor-icon-box-icon\">\n\t\t\t\t<span  class=\"elementor-icon elementor-animation-bob\">\n\t\t\t\t<i aria-hidden=\"true\" class=\"far fa-credit-card\"><\/i>\t\t\t\t<\/span>\n\t\t\t<\/div>\n\t\t\t\n\t\t\t\t\t\t<div class=\"elementor-icon-box-content\">\n\n\t\t\t\t\t\t\t\t\t<h3 class=\"elementor-icon-box-title\">\n\t\t\t\t\t\t<span  >\n\t\t\t\t\t\t\tPaiement s\u00e9curis\u00e9\t\t\t\t\t\t<\/span>\n\t\t\t\t\t<\/h3>\n\t\t\t\t\n\t\t\t\t\t\t\t\t\t<p class=\"elementor-icon-box-description\">\n\t\t\t\t\t\tNous vous garantissons des paiements 100% s\u00e9curis\u00e9s\t\t\t\t\t<\/p>\n\t\t\t\t\n\t\t\t<\/div>\n\t\t\t\n\t\t<\/div>\n\t\t\t\t\t\t<\/div>\n\t\t\t\t<\/div>\n\t\t\t\t\t<\/div>\n\t\t<\/div>\n\t\t\t\t<div class=\"elementor-column elementor-col-25 elementor-top-column elementor-element elementor-element-369b5e1\" data-id=\"369b5e1\" data-element_type=\"column\" data-e-type=\"column\">\n\t\t\t<div class=\"elementor-widget-wrap elementor-element-populated\">\n\t\t\t\t\t\t<div class=\"elementor-element elementor-element-582a50e elementor-view-default elementor-position-block-start elementor-mobile-position-block-start elementor-widget elementor-widget-icon-box\" data-id=\"582a50e\" data-element_type=\"widget\" data-e-type=\"widget\" data-widget_type=\"icon-box.default\">\n\t\t\t\t<div class=\"elementor-widget-container\">\n\t\t\t\t\t\t\t<div class=\"elementor-icon-box-wrapper\">\n\n\t\t\t\t\t\t<div class=\"elementor-icon-box-icon\">\n\t\t\t\t<span  class=\"elementor-icon elementor-animation-bob\">\n\t\t\t\t<i aria-hidden=\"true\" class=\"far fa-handshake\"><\/i>\t\t\t\t<\/span>\n\t\t\t<\/div>\n\t\t\t\n\t\t\t\t\t\t<div class=\"elementor-icon-box-content\">\n\n\t\t\t\t\t\t\t\t\t<h3 class=\"elementor-icon-box-title\">\n\t\t\t\t\t\t<span  >\n\t\t\t\t\t\t\tSatisfait ou rembours\u00e9\t\t\t\t\t\t<\/span>\n\t\t\t\t\t<\/h3>\n\t\t\t\t\n\t\t\t\t\t\t\t\t\t<p class=\"elementor-icon-box-description\">\n\t\t\t\t\t\tRemboursement ou \u00e9change sous 14 jours apr\u00e8s r\u00e9ception de votre produit \t\t\t\t\t<\/p>\n\t\t\t\t\n\t\t\t<\/div>\n\t\t\t\n\t\t<\/div>\n\t\t\t\t\t\t<\/div>\n\t\t\t\t<\/div>\n\t\t\t\t\t<\/div>\n\t\t<\/div>\n\t\t\t\t<div class=\"elementor-column elementor-col-25 elementor-top-column elementor-element elementor-element-3f293875\" data-id=\"3f293875\" data-element_type=\"column\" data-e-type=\"column\">\n\t\t\t<div class=\"elementor-widget-wrap elementor-element-populated\">\n\t\t\t\t\t\t<div class=\"elementor-element elementor-element-170fcb1b elementor-view-default elementor-position-block-start elementor-mobile-position-block-start elementor-widget elementor-widget-icon-box\" data-id=\"170fcb1b\" data-element_type=\"widget\" data-e-type=\"widget\" data-widget_type=\"icon-box.default\">\n\t\t\t\t<div class=\"elementor-widget-container\">\n\t\t\t\t\t\t\t<div class=\"elementor-icon-box-wrapper\">\n\n\t\t\t\t\t\t<div class=\"elementor-icon-box-icon\">\n\t\t\t\t<span  class=\"elementor-icon elementor-animation-bob\">\n\t\t\t\t<i aria-hidden=\"true\" class=\"fas fa-headset\"><\/i>\t\t\t\t<\/span>\n\t\t\t<\/div>\n\t\t\t\n\t\t\t\t\t\t<div class=\"elementor-icon-box-content\">\n\n\t\t\t\t\t\t\t\t\t<h3 class=\"elementor-icon-box-title\">\n\t\t\t\t\t\t<span  >\n\t\t\t\t\t\t\tSERVICE CLIENT\t\t\t\t\t\t<\/span>\n\t\t\t\t\t<\/h3>\n\t\t\t\t\n\t\t\t\t\t\t\t\t\t<p class=\"elementor-icon-box-description\">\n\t\t\t\t\t\tNotre service client est \u00e0 votre \u00e9coute et \u00e0 votre disposition 24h\/7j\t\t\t\t\t<\/p>\n\t\t\t\t\n\t\t\t<\/div>\n\t\t\t\n\t\t<\/div>\n\t\t\t\t\t\t<\/div>\n\t\t\t\t<\/div>\n\t\t\t\t\t<\/div>\n\t\t<\/div>\n\t\t\t\t\t<\/div>\n\t\t<\/section>\n\t\t\t\t<\/div>\n\t\t","protected":false},"excerpt":{"rendered":"<p>Filtre pour fontaine \u00e0 eau en acier inoxydable \u00ab Moon \u00bb 2L Propret\u00e9 et efficacit\u00e9 Filtre de remplacement pour la fontaine en acier inoxydable \u00ab\u00a0Moon\u00a0\u00bb ultrasilencieuse 2L. Garde l\u2019eau potable fra\u00eeche, propre et s\u00fbre et vous aide \u00e0 prendre soin de la sant\u00e9 de votre chat en pr\u00e9venant la formation des bact\u00e9ries. \u00ab\u00a0 Trois \u00e9tapes [&#8230;]\n","protected":false},"featured_media":65676,"comment_status":"open","ping_status":"closed","template":"","meta":[],"product_brand":[],"product_cat":[126],"product_tag":[],"class_list":{"0":"post-55354","1":"product","2":"type-product","3":"status-publish","4":"has-post-thumbnail","6":"product_cat-bols-mangeoires","8":"first","9":"instock","10":"shipping-taxable","11":"purchasable","12":"product-type-variable","13":"wvs-archive-product-wrapper"},"jetpack_sharing_enabled":true,"_links":{"self":[{"href":"https:\/\/artycatz.com\/en\/wp-json\/wp\/v2\/product\/55354","targetHints":{"allow":["GET"]}}],"collection":[{"href":"https:\/\/artycatz.com\/en\/wp-json\/wp\/v2\/product"}],"about":[{"href":"https:\/\/artycatz.com\/en\/wp-json\/wp\/v2\/types\/product"}],"replies":[{"embeddable":true,"href":"https:\/\/artycatz.com\/en\/wp-json\/wp\/v2\/comments?post=55354"}],"version-history":[{"count":50,"href":"https:\/\/artycatz.com\/en\/wp-json\/wp\/v2\/product\/55354\/revisions"}],"predecessor-version":[{"id":66547,"href":"https:\/\/artycatz.com\/en\/wp-json\/wp\/v2\/product\/55354\/revisions\/66547"}],"wp:featuredmedia":[{"embeddable":true,"href":"https:\/\/artycatz.com\/en\/wp-json\/wp\/v2\/media\/65676"}],"wp:attachment":[{"href":"https:\/\/artycatz.com\/en\/wp-json\/wp\/v2\/media?parent=55354"}],"wp:term":[{"taxonomy":"product_brand","embeddable":true,"href":"https:\/\/artycatz.com\/en\/wp-json\/wp\/v2\/product_brand?post=55354"},{"taxonomy":"product_cat","embeddable":true,"href":"https:\/\/artycatz.com\/en\/wp-json\/wp\/v2\/product_cat?post=55354"},{"taxonomy":"product_tag","embeddable":true,"href":"https:\/\/artycatz.com\/en\/wp-json\/wp\/v2\/product_tag?post=55354"}],"curies":[{"name":"wp","href":"https:\/\/api.w.org\/{rel}","templated":true}]}}