{"id":55446,"date":"2022-10-10T20:12:32","date_gmt":"2022-10-10T18:12:32","guid":{"rendered":"https:\/\/artycatz.com\/produit\/filtre-a-charbon-actif-de-remplacement-pour-fontaine-a-eau-de-chat-mousse-de-remplacement-pour-distributeur-de-fontaine-carree-pour-chien\/"},"modified":"2025-05-20T21:56:54","modified_gmt":"2025-05-20T19:56:54","slug":"z-filtre-de-remplacement-a-charbon-actif-pour-la-fontaine-a-eau-cocoon-1-2l","status":"publish","type":"product","link":"https:\/\/artycatz.com\/en\/product\/z-filtre-de-remplacement-a-charbon-actif-pour-la-fontaine-a-eau-cocoon-1-2l\/","title":{"rendered":"Z- Filtre de remplacement pour la fontaine \u00e0 eau \u00ab Cocoon \u00bb"},"content":{"rendered":"\t\t<div data-elementor-type=\"product-post\" data-elementor-id=\"55446\" class=\"elementor elementor-55446\" data-elementor-post-type=\"product\">\n\t\t\t\t\t\t<section class=\"elementor-section elementor-top-section elementor-element elementor-element-2747a73a elementor-section-full_width elementor-section-height-default elementor-section-height-default\" data-id=\"2747a73a\" data-element_type=\"section\" data-e-type=\"section\">\n\t\t\t\t\t\t<div class=\"elementor-container elementor-column-gap-default\">\n\t\t\t\t\t<div class=\"elementor-column elementor-col-50 elementor-top-column elementor-element elementor-element-5894d306\" data-id=\"5894d306\" data-element_type=\"column\" data-e-type=\"column\">\n\t\t\t<div class=\"elementor-widget-wrap elementor-element-populated\">\n\t\t\t\t\t\t<div class=\"elementor-element elementor-element-f53fd7f elementor-widget elementor-widget-heading\" data-id=\"f53fd7f\" data-element_type=\"widget\" data-e-type=\"widget\" data-widget_type=\"heading.default\">\n\t\t\t\t<div class=\"elementor-widget-container\">\n\t\t\t\t\t<h1 class=\"elementor-heading-title elementor-size-default\">Filtre de remplacement pour la fontaine \u00e0 eau \u00ab Cocoon \u00bb<\/h1>\t\t\t\t<\/div>\n\t\t\t\t<\/div>\n\t\t\t\t<div class=\"elementor-element elementor-element-202c9475 elementor-widget elementor-widget-heading\" data-id=\"202c9475\" data-element_type=\"widget\" data-e-type=\"widget\" data-widget_type=\"heading.default\">\n\t\t\t\t<div class=\"elementor-widget-container\">\n\t\t\t\t\t<h2 class=\"elementor-heading-title elementor-size-default\">Propret\u00e9 <br><b>et Puret\u00e9<\/b><\/h2>\t\t\t\t<\/div>\n\t\t\t\t<\/div>\n\t\t\t\t\t<\/div>\n\t\t<\/div>\n\t\t\t\t<div class=\"elementor-column elementor-col-50 elementor-top-column elementor-element elementor-element-188ad16d\" data-id=\"188ad16d\" data-element_type=\"column\" data-e-type=\"column\">\n\t\t\t<div class=\"elementor-widget-wrap elementor-element-populated\">\n\t\t\t\t\t\t<div class=\"elementor-element elementor-element-6ac5276e elementor-widget elementor-widget-text-editor\" data-id=\"6ac5276e\" data-element_type=\"widget\" data-e-type=\"widget\" data-widget_type=\"text-editor.default\">\n\t\t\t\t<div class=\"elementor-widget-container\">\n\t\t\t\t\t\t\t\t\t<p>Filtre de remplacement pour la fontaine \u00ab Cocoon \u00bb\u00a0<\/p><p>Garde l\u2019eau potable fra\u00eeche, propre et s\u00fbre et vous aide \u00e0 prendre soin de la sant\u00e9 de votre chat.<\/p><p><strong>Trois \u00e9tapes de filtration assurent la qualit\u00e9 de l\u2019eau pour la garder propre et fra\u00eeche \u00e0 tout moment.<\/strong><br \/>\u2013 La couche de coton externe filtre les grosses impuret\u00e9s, tels poils, cheveux ou autres<br \/>\u2013 La r\u00e9sine adoucit l\u2019eau<br \/>\u2013 Le charbon actif adsorbe les plus petites impuret\u00e9s, tels poussi\u00e8re ou compos\u00e9s organiques volatiles<\/p><p><span style=\"color: #b5a65e;\"><strong>D\u00e9barrassez l\u2019eau de votre chat des micropolluants<\/strong><\/span><\/p>\t\t\t\t\t\t\t\t<\/div>\n\t\t\t\t<\/div>\n\t\t\t\t\t<\/div>\n\t\t<\/div>\n\t\t\t\t\t<\/div>\n\t\t<\/section>\n\t\t\t\t<section class=\"elementor-section elementor-top-section elementor-element elementor-element-1341ab32 elementor-section-boxed elementor-section-height-default elementor-section-height-default\" data-id=\"1341ab32\" data-element_type=\"section\" data-e-type=\"section\">\n\t\t\t\t\t\t<div class=\"elementor-container elementor-column-gap-default\">\n\t\t\t\t\t<div class=\"elementor-column elementor-col-33 elementor-top-column elementor-element elementor-element-6e7373e3\" data-id=\"6e7373e3\" data-element_type=\"column\" data-e-type=\"column\">\n\t\t\t<div class=\"elementor-widget-wrap elementor-element-populated\">\n\t\t\t\t\t\t<div class=\"elementor-element elementor-element-689ba4b9 elementor-widget elementor-widget-image\" data-id=\"689ba4b9\" data-element_type=\"widget\" data-e-type=\"widget\" data-widget_type=\"image.default\">\n\t\t\t\t<div class=\"elementor-widget-container\">\n\t\t\t\t\t\t\t\t\t\t\t\t\t\t\t\t<a href=\"https:\/\/artycatz.com\/wp-content\/uploads\/2022\/10\/1-ok-fr.jpg\" data-elementor-open-lightbox=\"yes\" data-elementor-lightbox-title=\"1 ok fr\" data-e-action-hash=\"#elementor-action%3Aaction%3Dlightbox%26settings%3DeyJpZCI6NTU1MDgsInVybCI6Imh0dHBzOlwvXC9hcnR5Y2F0ei5jb21cL3dwLWNvbnRlbnRcL3VwbG9hZHNcLzIwMjJcLzEwXC8xLW9rLWZyLmpwZyJ9\">\n\t\t\t\t\t\t\t<img fetchpriority=\"high\" decoding=\"async\" width=\"800\" height=\"800\" src=\"https:\/\/artycatz.com\/wp-content\/uploads\/2022\/10\/1-ok-fr.jpg\" class=\"attachment-large size-large wp-image-55508 wvs-archive-product-image\" alt=\"\" srcset=\"https:\/\/artycatz.com\/wp-content\/uploads\/2022\/10\/1-ok-fr.jpg 800w, https:\/\/artycatz.com\/wp-content\/uploads\/2022\/10\/1-ok-fr-247x247.jpg 247w, https:\/\/artycatz.com\/wp-content\/uploads\/2022\/10\/1-ok-fr-100x100.jpg 100w, https:\/\/artycatz.com\/wp-content\/uploads\/2022\/10\/1-ok-fr-510x510.jpg 510w, https:\/\/artycatz.com\/wp-content\/uploads\/2022\/10\/1-ok-fr-300x300.jpg 300w, https:\/\/artycatz.com\/wp-content\/uploads\/2022\/10\/1-ok-fr-150x150.jpg 150w, https:\/\/artycatz.com\/wp-content\/uploads\/2022\/10\/1-ok-fr-768x768.jpg 768w, https:\/\/artycatz.com\/wp-content\/uploads\/2022\/10\/1-ok-fr-50x50.jpg 50w\" sizes=\"(max-width: 800px) 100vw, 800px\" \/>\t\t\t\t\t\t\t\t<\/a>\n\t\t\t\t\t\t\t\t\t\t\t\t\t\t\t<\/div>\n\t\t\t\t<\/div>\n\t\t\t\t\t<\/div>\n\t\t<\/div>\n\t\t\t\t<div class=\"elementor-column elementor-col-33 elementor-top-column elementor-element elementor-element-72243f8c\" data-id=\"72243f8c\" data-element_type=\"column\" data-e-type=\"column\">\n\t\t\t<div class=\"elementor-widget-wrap elementor-element-populated\">\n\t\t\t\t\t\t<div class=\"elementor-element elementor-element-15801683 elementor-widget elementor-widget-image\" data-id=\"15801683\" data-element_type=\"widget\" data-e-type=\"widget\" data-widget_type=\"image.default\">\n\t\t\t\t<div class=\"elementor-widget-container\">\n\t\t\t\t\t\t\t\t\t\t\t\t\t\t\t\t<a href=\"https:\/\/artycatz.com\/wp-content\/uploads\/2022\/10\/3-crop.jpg\" data-elementor-open-lightbox=\"yes\" data-elementor-lightbox-title=\"3 crop\" data-e-action-hash=\"#elementor-action%3Aaction%3Dlightbox%26settings%3DeyJpZCI6NTU1MzEsInVybCI6Imh0dHBzOlwvXC9hcnR5Y2F0ei5jb21cL3dwLWNvbnRlbnRcL3VwbG9hZHNcLzIwMjJcLzEwXC8zLWNyb3AuanBnIn0%3D\">\n\t\t\t\t\t\t\t<img decoding=\"async\" width=\"430\" height=\"530\" src=\"https:\/\/artycatz.com\/wp-content\/uploads\/2022\/10\/3-crop.jpg\" class=\"attachment-large size-large wp-image-55531 wvs-archive-product-image\" alt=\"\" srcset=\"https:\/\/artycatz.com\/wp-content\/uploads\/2022\/10\/3-crop.jpg 430w, https:\/\/artycatz.com\/wp-content\/uploads\/2022\/10\/3-crop-243x300.jpg 243w\" sizes=\"(max-width: 430px) 100vw, 430px\" \/>\t\t\t\t\t\t\t\t<\/a>\n\t\t\t\t\t\t\t\t\t\t\t\t\t\t\t<\/div>\n\t\t\t\t<\/div>\n\t\t\t\t\t<\/div>\n\t\t<\/div>\n\t\t\t\t<div class=\"elementor-column elementor-col-33 elementor-top-column elementor-element elementor-element-2594e124\" data-id=\"2594e124\" data-element_type=\"column\" data-e-type=\"column\">\n\t\t\t<div class=\"elementor-widget-wrap elementor-element-populated\">\n\t\t\t\t\t\t<div class=\"elementor-element elementor-element-32e4f150 elementor-widget elementor-widget-image\" data-id=\"32e4f150\" data-element_type=\"widget\" data-e-type=\"widget\" data-widget_type=\"image.default\">\n\t\t\t\t<div class=\"elementor-widget-container\">\n\t\t\t\t\t\t\t\t\t\t\t\t\t\t\t\t<a href=\"https:\/\/artycatz.com\/wp-content\/uploads\/2022\/10\/4-ok-ps.jpg\" data-elementor-open-lightbox=\"yes\" data-elementor-lightbox-title=\"4 ok ps\" data-e-action-hash=\"#elementor-action%3Aaction%3Dlightbox%26settings%3DeyJpZCI6NTU1MTAsInVybCI6Imh0dHBzOlwvXC9hcnR5Y2F0ei5jb21cL3dwLWNvbnRlbnRcL3VwbG9hZHNcLzIwMjJcLzEwXC80LW9rLXBzLmpwZyJ9\">\n\t\t\t\t\t\t\t<img decoding=\"async\" width=\"800\" height=\"800\" src=\"https:\/\/artycatz.com\/wp-content\/uploads\/2022\/10\/4-ok-ps.jpg\" class=\"attachment-large size-large wp-image-55510 wvs-archive-product-image\" alt=\"\" srcset=\"https:\/\/artycatz.com\/wp-content\/uploads\/2022\/10\/4-ok-ps.jpg 800w, https:\/\/artycatz.com\/wp-content\/uploads\/2022\/10\/4-ok-ps-247x247.jpg 247w, https:\/\/artycatz.com\/wp-content\/uploads\/2022\/10\/4-ok-ps-100x100.jpg 100w, https:\/\/artycatz.com\/wp-content\/uploads\/2022\/10\/4-ok-ps-510x510.jpg 510w, https:\/\/artycatz.com\/wp-content\/uploads\/2022\/10\/4-ok-ps-300x300.jpg 300w, https:\/\/artycatz.com\/wp-content\/uploads\/2022\/10\/4-ok-ps-150x150.jpg 150w, https:\/\/artycatz.com\/wp-content\/uploads\/2022\/10\/4-ok-ps-768x768.jpg 768w, https:\/\/artycatz.com\/wp-content\/uploads\/2022\/10\/4-ok-ps-50x50.jpg 50w\" sizes=\"(max-width: 800px) 100vw, 800px\" \/>\t\t\t\t\t\t\t\t<\/a>\n\t\t\t\t\t\t\t\t\t\t\t\t\t\t\t<\/div>\n\t\t\t\t<\/div>\n\t\t\t\t\t<\/div>\n\t\t<\/div>\n\t\t\t\t\t<\/div>\n\t\t<\/section>\n\t\t\t\t<section class=\"elementor-section elementor-top-section elementor-element elementor-element-4c59d1be elementor-section-boxed elementor-section-height-default elementor-section-height-default\" data-id=\"4c59d1be\" data-element_type=\"section\" data-e-type=\"section\">\n\t\t\t\t\t\t<div class=\"elementor-container elementor-column-gap-default\">\n\t\t\t\t\t<div class=\"elementor-column elementor-col-33 elementor-top-column elementor-element elementor-element-4a016010\" data-id=\"4a016010\" data-element_type=\"column\" data-e-type=\"column\">\n\t\t\t<div class=\"elementor-widget-wrap elementor-element-populated\">\n\t\t\t\t\t\t<div class=\"elementor-element elementor-element-64eb8685 elementor-widget-divider--view-line elementor-widget elementor-widget-divider\" data-id=\"64eb8685\" data-element_type=\"widget\" data-e-type=\"widget\" data-settings=\"{&quot;motion_fx_motion_fx_scrolling&quot;:&quot;yes&quot;,&quot;motion_fx_translateX_effect&quot;:&quot;yes&quot;,&quot;motion_fx_translateX_direction&quot;:&quot;negative&quot;,&quot;motion_fx_translateX_speed&quot;:{&quot;unit&quot;:&quot;px&quot;,&quot;size&quot;:&quot;0.5&quot;,&quot;sizes&quot;:[]},&quot;motion_fx_devices&quot;:[&quot;desktop&quot;,&quot;tablet&quot;],&quot;motion_fx_translateX_affectedRange&quot;:{&quot;unit&quot;:&quot;%&quot;,&quot;size&quot;:&quot;&quot;,&quot;sizes&quot;:{&quot;start&quot;:0,&quot;end&quot;:100}}}\" data-widget_type=\"divider.default\">\n\t\t\t\t<div class=\"elementor-widget-container\">\n\t\t\t\t\t\t\t<div class=\"elementor-divider\">\n\t\t\t<span class=\"elementor-divider-separator\">\n\t\t\t\t\t\t<\/span>\n\t\t<\/div>\n\t\t\t\t\t\t<\/div>\n\t\t\t\t<\/div>\n\t\t\t\t\t<\/div>\n\t\t<\/div>\n\t\t\t\t<div class=\"elementor-column elementor-col-33 elementor-top-column elementor-element elementor-element-46cc46df\" data-id=\"46cc46df\" data-element_type=\"column\" data-e-type=\"column\">\n\t\t\t<div class=\"elementor-widget-wrap elementor-element-populated\">\n\t\t\t\t\t\t<div class=\"elementor-element elementor-element-6096644b elementor-widget elementor-widget-heading\" data-id=\"6096644b\" data-element_type=\"widget\" data-e-type=\"widget\" data-widget_type=\"heading.default\">\n\t\t\t\t<div class=\"elementor-widget-container\">\n\t\t\t\t\t<h2 class=\"elementor-heading-title elementor-size-default\">Caract\u00e9ristiques<\/h2>\t\t\t\t<\/div>\n\t\t\t\t<\/div>\n\t\t\t\t<div class=\"elementor-element elementor-element-21acab9e elementor-widget elementor-widget-spacer\" data-id=\"21acab9e\" data-element_type=\"widget\" data-e-type=\"widget\" data-widget_type=\"spacer.default\">\n\t\t\t\t<div class=\"elementor-widget-container\">\n\t\t\t\t\t\t\t<div class=\"elementor-spacer\">\n\t\t\t<div class=\"elementor-spacer-inner\"><\/div>\n\t\t<\/div>\n\t\t\t\t\t\t<\/div>\n\t\t\t\t<\/div>\n\t\t\t\t<div class=\"elementor-element elementor-element-51441442 elementor-widget elementor-widget-text-editor\" data-id=\"51441442\" data-element_type=\"widget\" data-e-type=\"widget\" data-widget_type=\"text-editor.default\">\n\t\t\t\t<div class=\"elementor-widget-container\">\n\t\t\t\t\t\t\t\t\t<p><strong>Mat\u00e9riaux: <\/strong><\/p><p>Charbon actif<br \/>R\u00e9sine<br \/>Coton<\/p><p><strong>Utilisation:<\/strong><\/p><p>Afin d\u2019assurer la propret\u00e9 de l\u2019eau, le filtre doit \u00eatre remplac\u00e9 toutes les 4 \u00e0 6 semaines.<\/p><p><em><strong>Rincez soigneusement le filtre \u00e0 l\u2019eau froide avant utilisation<\/strong><\/em><\/p>\t\t\t\t\t\t\t\t<\/div>\n\t\t\t\t<\/div>\n\t\t\t\t\t<\/div>\n\t\t<\/div>\n\t\t\t\t<div class=\"elementor-column elementor-col-33 elementor-top-column elementor-element elementor-element-4f406134\" data-id=\"4f406134\" data-element_type=\"column\" data-e-type=\"column\">\n\t\t\t<div class=\"elementor-widget-wrap elementor-element-populated\">\n\t\t\t\t\t\t<div class=\"elementor-element elementor-element-42513fc2 elementor-widget elementor-widget-spacer\" data-id=\"42513fc2\" data-element_type=\"widget\" data-e-type=\"widget\" data-widget_type=\"spacer.default\">\n\t\t\t\t<div class=\"elementor-widget-container\">\n\t\t\t\t\t\t\t<div class=\"elementor-spacer\">\n\t\t\t<div class=\"elementor-spacer-inner\"><\/div>\n\t\t<\/div>\n\t\t\t\t\t\t<\/div>\n\t\t\t\t<\/div>\n\t\t\t\t<div class=\"elementor-element elementor-element-4b23b553 elementor-widget elementor-widget-text-editor\" data-id=\"4b23b553\" data-element_type=\"widget\" data-e-type=\"widget\" data-widget_type=\"text-editor.default\">\n\t\t\t\t<div class=\"elementor-widget-container\">\n\t\t\t\t\t\t\t\t\t<p><strong>Packs de:<\/strong><\/p><p>4, 8 ou 16 filtres<\/p>\t\t\t\t\t\t\t\t<\/div>\n\t\t\t\t<\/div>\n\t\t\t\t<div class=\"elementor-element elementor-element-6c758bb elementor-widget elementor-widget-image\" data-id=\"6c758bb\" data-element_type=\"widget\" data-e-type=\"widget\" data-widget_type=\"image.default\">\n\t\t\t\t<div class=\"elementor-widget-container\">\n\t\t\t\t\t\t\t\t\t\t\t\t\t\t\t<img loading=\"lazy\" decoding=\"async\" width=\"200\" height=\"200\" src=\"https:\/\/artycatz.com\/wp-content\/uploads\/2022\/10\/12-ok.jpg\" class=\"attachment-large size-large wp-image-55527 wvs-archive-product-image\" alt=\"\" srcset=\"https:\/\/artycatz.com\/wp-content\/uploads\/2022\/10\/12-ok.jpg 200w, https:\/\/artycatz.com\/wp-content\/uploads\/2022\/10\/12-ok-100x100.jpg 100w, https:\/\/artycatz.com\/wp-content\/uploads\/2022\/10\/12-ok-150x150.jpg 150w, https:\/\/artycatz.com\/wp-content\/uploads\/2022\/10\/12-ok-50x50.jpg 50w\" sizes=\"(max-width: 200px) 100vw, 200px\" \/>\t\t\t\t\t\t\t\t\t\t\t\t\t\t\t<\/div>\n\t\t\t\t<\/div>\n\t\t\t\t\t<\/div>\n\t\t<\/div>\n\t\t\t\t\t<\/div>\n\t\t<\/section>\n\t\t\t\t<section class=\"elementor-section elementor-top-section elementor-element elementor-element-77343a65 elementor-section-stretched elementor-section-boxed elementor-section-height-default elementor-section-height-default\" data-id=\"77343a65\" data-element_type=\"section\" data-e-type=\"section\" data-settings=\"{&quot;stretch_section&quot;:&quot;section-stretched&quot;}\">\n\t\t\t\t\t\t<div class=\"elementor-container elementor-column-gap-extended\">\n\t\t\t\t\t<div class=\"elementor-column elementor-col-25 elementor-top-column elementor-element elementor-element-28e28373\" data-id=\"28e28373\" data-element_type=\"column\" data-e-type=\"column\">\n\t\t\t<div class=\"elementor-widget-wrap elementor-element-populated\">\n\t\t\t\t\t\t<div class=\"elementor-element elementor-element-2988a7f1 elementor-view-default elementor-position-block-start elementor-mobile-position-block-start elementor-widget elementor-widget-icon-box\" data-id=\"2988a7f1\" data-element_type=\"widget\" data-e-type=\"widget\" data-widget_type=\"icon-box.default\">\n\t\t\t\t<div class=\"elementor-widget-container\">\n\t\t\t\t\t\t\t<div class=\"elementor-icon-box-wrapper\">\n\n\t\t\t\t\t\t<div class=\"elementor-icon-box-icon\">\n\t\t\t\t<span  class=\"elementor-icon elementor-animation-bob\">\n\t\t\t\t<i aria-hidden=\"true\" class=\"fas fa-shipping-fast\"><\/i>\t\t\t\t<\/span>\n\t\t\t<\/div>\n\t\t\t\n\t\t\t\t\t\t<div class=\"elementor-icon-box-content\">\n\n\t\t\t\t\t\t\t\t\t<h3 class=\"elementor-icon-box-title\">\n\t\t\t\t\t\t<span  >\n\t\t\t\t\t\t\tLivraison gratuite\t\t\t\t\t\t<\/span>\n\t\t\t\t\t<\/h3>\n\t\t\t\t\n\t\t\t\t\t\t\t\t\t<p class=\"elementor-icon-box-description\">\n\t\t\t\t\t\tLivraison gratuite en France m\u00e9tropolitaine, Belgique, Suisse\t\t\t\t\t<\/p>\n\t\t\t\t\n\t\t\t<\/div>\n\t\t\t\n\t\t<\/div>\n\t\t\t\t\t\t<\/div>\n\t\t\t\t<\/div>\n\t\t\t\t\t<\/div>\n\t\t<\/div>\n\t\t\t\t<div class=\"elementor-column elementor-col-25 elementor-top-column elementor-element elementor-element-5fe4fa62\" data-id=\"5fe4fa62\" data-element_type=\"column\" data-e-type=\"column\">\n\t\t\t<div class=\"elementor-widget-wrap elementor-element-populated\">\n\t\t\t\t\t\t<div class=\"elementor-element elementor-element-51c09dcf elementor-view-default elementor-position-block-start elementor-mobile-position-block-start elementor-widget elementor-widget-icon-box\" data-id=\"51c09dcf\" data-element_type=\"widget\" data-e-type=\"widget\" data-widget_type=\"icon-box.default\">\n\t\t\t\t<div class=\"elementor-widget-container\">\n\t\t\t\t\t\t\t<div class=\"elementor-icon-box-wrapper\">\n\n\t\t\t\t\t\t<div class=\"elementor-icon-box-icon\">\n\t\t\t\t<span  class=\"elementor-icon elementor-animation-bob\">\n\t\t\t\t<i aria-hidden=\"true\" class=\"far fa-credit-card\"><\/i>\t\t\t\t<\/span>\n\t\t\t<\/div>\n\t\t\t\n\t\t\t\t\t\t<div class=\"elementor-icon-box-content\">\n\n\t\t\t\t\t\t\t\t\t<h3 class=\"elementor-icon-box-title\">\n\t\t\t\t\t\t<span  >\n\t\t\t\t\t\t\tPaiement s\u00e9curis\u00e9\t\t\t\t\t\t<\/span>\n\t\t\t\t\t<\/h3>\n\t\t\t\t\n\t\t\t\t\t\t\t\t\t<p class=\"elementor-icon-box-description\">\n\t\t\t\t\t\tNous vous garantissons des paiements 100% s\u00e9curis\u00e9s\t\t\t\t\t<\/p>\n\t\t\t\t\n\t\t\t<\/div>\n\t\t\t\n\t\t<\/div>\n\t\t\t\t\t\t<\/div>\n\t\t\t\t<\/div>\n\t\t\t\t\t<\/div>\n\t\t<\/div>\n\t\t\t\t<div class=\"elementor-column elementor-col-25 elementor-top-column elementor-element elementor-element-2f623d67\" data-id=\"2f623d67\" data-element_type=\"column\" data-e-type=\"column\">\n\t\t\t<div class=\"elementor-widget-wrap elementor-element-populated\">\n\t\t\t\t\t\t<div class=\"elementor-element elementor-element-b075034 elementor-view-default elementor-position-block-start elementor-mobile-position-block-start elementor-widget elementor-widget-icon-box\" data-id=\"b075034\" data-element_type=\"widget\" data-e-type=\"widget\" data-widget_type=\"icon-box.default\">\n\t\t\t\t<div class=\"elementor-widget-container\">\n\t\t\t\t\t\t\t<div class=\"elementor-icon-box-wrapper\">\n\n\t\t\t\t\t\t<div class=\"elementor-icon-box-icon\">\n\t\t\t\t<span  class=\"elementor-icon elementor-animation-bob\">\n\t\t\t\t<i aria-hidden=\"true\" class=\"far fa-handshake\"><\/i>\t\t\t\t<\/span>\n\t\t\t<\/div>\n\t\t\t\n\t\t\t\t\t\t<div class=\"elementor-icon-box-content\">\n\n\t\t\t\t\t\t\t\t\t<h3 class=\"elementor-icon-box-title\">\n\t\t\t\t\t\t<span  >\n\t\t\t\t\t\t\tSatisfait ou rembours\u00e9\t\t\t\t\t\t<\/span>\n\t\t\t\t\t<\/h3>\n\t\t\t\t\n\t\t\t\t\t\t\t\t\t<p class=\"elementor-icon-box-description\">\n\t\t\t\t\t\tRemboursement ou \u00e9change sous 14 jours apr\u00e8s r\u00e9ception de votre produit \t\t\t\t\t<\/p>\n\t\t\t\t\n\t\t\t<\/div>\n\t\t\t\n\t\t<\/div>\n\t\t\t\t\t\t<\/div>\n\t\t\t\t<\/div>\n\t\t\t\t\t<\/div>\n\t\t<\/div>\n\t\t\t\t<div class=\"elementor-column elementor-col-25 elementor-top-column elementor-element elementor-element-3e14c9e2\" data-id=\"3e14c9e2\" data-element_type=\"column\" data-e-type=\"column\">\n\t\t\t<div class=\"elementor-widget-wrap elementor-element-populated\">\n\t\t\t\t\t\t<div class=\"elementor-element elementor-element-37e1265b elementor-view-default elementor-position-block-start elementor-mobile-position-block-start elementor-widget elementor-widget-icon-box\" data-id=\"37e1265b\" data-element_type=\"widget\" data-e-type=\"widget\" data-widget_type=\"icon-box.default\">\n\t\t\t\t<div class=\"elementor-widget-container\">\n\t\t\t\t\t\t\t<div class=\"elementor-icon-box-wrapper\">\n\n\t\t\t\t\t\t<div class=\"elementor-icon-box-icon\">\n\t\t\t\t<span  class=\"elementor-icon elementor-animation-bob\">\n\t\t\t\t<i aria-hidden=\"true\" class=\"fas fa-headset\"><\/i>\t\t\t\t<\/span>\n\t\t\t<\/div>\n\t\t\t\n\t\t\t\t\t\t<div class=\"elementor-icon-box-content\">\n\n\t\t\t\t\t\t\t\t\t<h3 class=\"elementor-icon-box-title\">\n\t\t\t\t\t\t<span  >\n\t\t\t\t\t\t\tSERVICE CLIENT\t\t\t\t\t\t<\/span>\n\t\t\t\t\t<\/h3>\n\t\t\t\t\n\t\t\t\t\t\t\t\t\t<p class=\"elementor-icon-box-description\">\n\t\t\t\t\t\tNotre service client est \u00e0 votre \u00e9coute et \u00e0 votre disposition 24h\/7j\t\t\t\t\t<\/p>\n\t\t\t\t\n\t\t\t<\/div>\n\t\t\t\n\t\t<\/div>\n\t\t\t\t\t\t<\/div>\n\t\t\t\t<\/div>\n\t\t\t\t\t<\/div>\n\t\t<\/div>\n\t\t\t\t\t<\/div>\n\t\t<\/section>\n\t\t\t\t<\/div>\n\t\t","protected":false},"excerpt":{"rendered":"<p>Filtre de remplacement pour la fontaine \u00e0 eau \u00ab Cocoon \u00bb Propret\u00e9 et Puret\u00e9 Filtre de remplacement pour la fontaine \u00ab Cocoon \u00bb Garde l\u2019eau potable fra\u00eeche, propre et s\u00fbre et vous aide \u00e0 prendre soin de la sant\u00e9 de votre chat. Trois \u00e9tapes de filtration assurent la qualit\u00e9 de l\u2019eau pour la garder propre [&#8230;]\n","protected":false},"featured_media":55507,"comment_status":"open","ping_status":"closed","template":"","meta":[],"product_brand":[],"product_cat":[126],"product_tag":[2112],"class_list":{"0":"post-55446","1":"product","2":"type-product","3":"status-publish","4":"has-post-thumbnail","6":"product_cat-bols-mangeoires","7":"product_tag-fontaine-a-eau","9":"first","10":"instock","11":"shipping-taxable","12":"purchasable","13":"product-type-variable","14":"wvs-archive-product-wrapper"},"jetpack_sharing_enabled":true,"_links":{"self":[{"href":"https:\/\/artycatz.com\/en\/wp-json\/wp\/v2\/product\/55446","targetHints":{"allow":["GET"]}}],"collection":[{"href":"https:\/\/artycatz.com\/en\/wp-json\/wp\/v2\/product"}],"about":[{"href":"https:\/\/artycatz.com\/en\/wp-json\/wp\/v2\/types\/product"}],"replies":[{"embeddable":true,"href":"https:\/\/artycatz.com\/en\/wp-json\/wp\/v2\/comments?post=55446"}],"version-history":[{"count":41,"href":"https:\/\/artycatz.com\/en\/wp-json\/wp\/v2\/product\/55446\/revisions"}],"predecessor-version":[{"id":68529,"href":"https:\/\/artycatz.com\/en\/wp-json\/wp\/v2\/product\/55446\/revisions\/68529"}],"wp:featuredmedia":[{"embeddable":true,"href":"https:\/\/artycatz.com\/en\/wp-json\/wp\/v2\/media\/55507"}],"wp:attachment":[{"href":"https:\/\/artycatz.com\/en\/wp-json\/wp\/v2\/media?parent=55446"}],"wp:term":[{"taxonomy":"product_brand","embeddable":true,"href":"https:\/\/artycatz.com\/en\/wp-json\/wp\/v2\/product_brand?post=55446"},{"taxonomy":"product_cat","embeddable":true,"href":"https:\/\/artycatz.com\/en\/wp-json\/wp\/v2\/product_cat?post=55446"},{"taxonomy":"product_tag","embeddable":true,"href":"https:\/\/artycatz.com\/en\/wp-json\/wp\/v2\/product_tag?post=55446"}],"curies":[{"name":"wp","href":"https:\/\/api.w.org\/{rel}","templated":true}]}}