{"id":69355,"date":"2025-09-29T23:27:34","date_gmt":"2025-09-29T21:27:34","guid":{"rendered":"https:\/\/artycatz.com\/produit\/coussin-haut-de-gamme\/"},"modified":"2026-03-04T22:55:36","modified_gmt":"2026-03-04T21:55:36","slug":"coussin-haut-de-gamme","status":"publish","type":"product","link":"https:\/\/artycatz.com\/en\/product\/coussin-haut-de-gamme\/","title":{"rendered":"Coussin Haut de Gamme"},"content":{"rendered":"<p>Vous voulez ajouter une touche de couleur \u00e0 votre maison\u00a0? Ce coussin au toucher de qualit\u00e9 sup\u00e9rieure avec un insert de maintien est exactement ce que vous recherchez\u00a0! Il rendra toute pi\u00e8ce luxueuse et fournira l&rsquo;excuse parfaite pour une sieste rapide.<\/p>\n<p>\u2022 100\u00a0% polyester<br \/>\n\u2022 Poids du tissu\u00a0: 275\u00a0g\/m\u00b2<br \/>\n\u2022 Tissu au toucher de lin<br \/>\n\u2022 Fermeture \u00e9clair cach\u00e9e<br \/>\n\u2022 \u00c9tui lavable en machine<br \/>\n\u2022 Insert 100\u00a0% polyester de maintien de forme inclus (lavage \u00e0 la main uniquement)<br \/>\n\u2022 Composants du produit vierge du Mexique provenant de Chine et du Mexique<br \/>\n\u2022 Composants du produit vierge de l&rsquo;UE provenant de Chine et de Pologne<\/p>\n<p>R\u00e9pond aux exigences en mati\u00e8re de teneur en formald\u00e9hyde, colorants azo\u00efques, plomb, cadmium et bisph\u00e9nols.<\/p>\n<p>En conformit\u00e9 avec le R\u00e8glement pour la S\u00e9curit\u00e9 G\u00e9n\u00e9rale des Produits (RSGP), garantissent que tous les produits de consommation propos\u00e9s sont s\u00fbrs et conformes aux normes de l&rsquo;UE. <\/p>","protected":false},"excerpt":{"rendered":"<p>Vous voulez ajouter une touche de couleur \u00e0 votre maison\u00a0? Ce coussin au toucher de qualit\u00e9 sup\u00e9rieure avec un insert de maintien est exactement ce que vous recherchez\u00a0! Il rendra toute pi\u00e8ce luxueuse et fournira l&rsquo;excuse parfaite pour une sieste rapide. \u2022 100\u00a0% polyester \u2022 Poids du tissu\u00a0: 275\u00a0g\/m\u00b2 \u2022 Tissu au toucher de lin [&#8230;]\n","protected":false},"featured_media":69359,"comment_status":"open","ping_status":"closed","template":"","meta":[],"product_brand":[],"product_cat":[2218],"product_tag":[],"class_list":{"0":"post-69355","1":"product","2":"type-product","3":"status-publish","4":"has-post-thumbnail","6":"product_cat-pour-mon-humain","8":"first","9":"instock","10":"shipping-taxable","11":"purchasable","12":"product-type-variable","13":"wvs-archive-product-wrapper"},"jetpack_sharing_enabled":true,"_links":{"self":[{"href":"https:\/\/artycatz.com\/en\/wp-json\/wp\/v2\/product\/69355","targetHints":{"allow":["GET"]}}],"collection":[{"href":"https:\/\/artycatz.com\/en\/wp-json\/wp\/v2\/product"}],"about":[{"href":"https:\/\/artycatz.com\/en\/wp-json\/wp\/v2\/types\/product"}],"replies":[{"embeddable":true,"href":"https:\/\/artycatz.com\/en\/wp-json\/wp\/v2\/comments?post=69355"}],"version-history":[{"count":2,"href":"https:\/\/artycatz.com\/en\/wp-json\/wp\/v2\/product\/69355\/revisions"}],"predecessor-version":[{"id":69716,"href":"https:\/\/artycatz.com\/en\/wp-json\/wp\/v2\/product\/69355\/revisions\/69716"}],"wp:featuredmedia":[{"embeddable":true,"href":"https:\/\/artycatz.com\/en\/wp-json\/wp\/v2\/media\/69359"}],"wp:attachment":[{"href":"https:\/\/artycatz.com\/en\/wp-json\/wp\/v2\/media?parent=69355"}],"wp:term":[{"taxonomy":"product_brand","embeddable":true,"href":"https:\/\/artycatz.com\/en\/wp-json\/wp\/v2\/product_brand?post=69355"},{"taxonomy":"product_cat","embeddable":true,"href":"https:\/\/artycatz.com\/en\/wp-json\/wp\/v2\/product_cat?post=69355"},{"taxonomy":"product_tag","embeddable":true,"href":"https:\/\/artycatz.com\/en\/wp-json\/wp\/v2\/product_tag?post=69355"}],"curies":[{"name":"wp","href":"https:\/\/api.w.org\/{rel}","templated":true}]}}