{"id":69430,"date":"2025-09-30T21:46:07","date_gmt":"2025-09-30T19:46:07","guid":{"rendered":"https:\/\/artycatz.com\/produit\/tote-bag-bio\/"},"modified":"2025-12-09T14:35:37","modified_gmt":"2025-12-09T13:35:37","slug":"tote-bag-bio","status":"publish","type":"product","link":"https:\/\/artycatz.com\/en\/product\/tote-bag-bio\/","title":{"rendered":"Tote Bag Bio"},"content":{"rendered":"<p>Dites au revoir au plastique, et emballez vos affaires dans ce sac fourre-tout en coton biologique. Il y a plus qu&rsquo;assez de place pour les courses, les livres et le reste.<\/p>\n<p>\u2022 100\u00a0% coton serg\u00e9 biologique certifi\u00e9 3\/1<br \/>\n\u2022 Poids du tissu\u00a0: 272\u00a0g\/m\u00b2 (8\u00a0oz\/yd\u00b2)<br \/>\n\u2022 Dimensions\u00a0: 40,6 \u00d7 35,6\u00a0\u00d7 12,7\u00a0cm (16\u00a0\u2033\u00a0\u00d7 14\u00a0\u00bd\u00a0\u2033 x 5\u00a0\u00ab\u00a0)<br \/>\n\u2022 Limite de poids\u00a0:\u00a013,6\u00a0kg (30\u00a0lbs)<br \/>\n\u2022 Deux sangles de 2,5\u00a0cm (1\u00a0\u00a0\u00bb) de largeur et de 62,2\u00a0cm (24,5\u00a0\u00a0\u00bb) de longueur<br \/>\n\u2022 Compartiment principal ouvert<br \/>\n\u2022 Produit vierge provenant d&rsquo;Inde<\/p>\n<p>Age restrictions: Pour les adultes<br \/>\nEU Warranty: 2\u00a0ans<br \/>\nOther compliance information: R\u00e9pond aux exigences en mati\u00e8re de teneur en colorants azo\u00efques et formald\u00e9hyde.<\/p>\n<p>En conformit\u00e9 avec le R\u00e8glement pour la S\u00e9curit\u00e9 G\u00e9n\u00e9rale des Produits (RSGP), <b>Oak inc.<\/b> et <b>SINDEN VENTURES LIMITED<\/b>garantissent que tous les produits de consommation propos\u00e9s sont s\u00fbrs et conformes aux normes de l&rsquo;UE. Pour toutes questions ou pr\u00e9occupations concernant les mesures de s\u00e9curit\u00e9 des produits, veuillez contacter notre repr\u00e9sentant europ\u00e9en \u00e0 <b>gpsr@sindenventures.com<\/b>. Vous pouvez \u00e9galement nous \u00e9crire \u00e0 <b>123 Main Street, Anytown, Country<\/b> ou <b>Markou Evgenikou 11, Mesa Geitonia, 4002, Limassol, Cyprus.<b \/><\/p>","protected":false},"excerpt":{"rendered":"<p>Dites au revoir au plastique, et emballez vos affaires dans ce sac fourre-tout en coton biologique. Il y a plus qu&rsquo;assez de place pour les courses, les livres et le reste. \u2022 100\u00a0% coton serg\u00e9 biologique certifi\u00e9 3\/1 \u2022 Poids du tissu\u00a0: 272\u00a0g\/m\u00b2 (8\u00a0oz\/yd\u00b2) \u2022 Dimensions\u00a0: 40,6 \u00d7 35,6\u00a0\u00d7 12,7\u00a0cm (16\u00a0\u2033\u00a0\u00d7 14\u00a0\u00bd\u00a0\u2033 x 5\u00a0\u00ab\u00a0) \u2022 [&#8230;]\n","protected":false},"featured_media":69431,"comment_status":"open","ping_status":"closed","template":"","meta":[],"product_brand":[],"product_cat":[2218],"product_tag":[],"class_list":{"0":"post-69430","1":"product","2":"type-product","3":"status-publish","4":"has-post-thumbnail","6":"product_cat-pour-mon-humain","8":"first","9":"instock","10":"shipping-taxable","11":"purchasable","12":"product-type-simple"},"jetpack_sharing_enabled":true,"_links":{"self":[{"href":"https:\/\/artycatz.com\/en\/wp-json\/wp\/v2\/product\/69430","targetHints":{"allow":["GET"]}}],"collection":[{"href":"https:\/\/artycatz.com\/en\/wp-json\/wp\/v2\/product"}],"about":[{"href":"https:\/\/artycatz.com\/en\/wp-json\/wp\/v2\/types\/product"}],"replies":[{"embeddable":true,"href":"https:\/\/artycatz.com\/en\/wp-json\/wp\/v2\/comments?post=69430"}],"version-history":[{"count":1,"href":"https:\/\/artycatz.com\/en\/wp-json\/wp\/v2\/product\/69430\/revisions"}],"predecessor-version":[{"id":69443,"href":"https:\/\/artycatz.com\/en\/wp-json\/wp\/v2\/product\/69430\/revisions\/69443"}],"wp:featuredmedia":[{"embeddable":true,"href":"https:\/\/artycatz.com\/en\/wp-json\/wp\/v2\/media\/69431"}],"wp:attachment":[{"href":"https:\/\/artycatz.com\/en\/wp-json\/wp\/v2\/media?parent=69430"}],"wp:term":[{"taxonomy":"product_brand","embeddable":true,"href":"https:\/\/artycatz.com\/en\/wp-json\/wp\/v2\/product_brand?post=69430"},{"taxonomy":"product_cat","embeddable":true,"href":"https:\/\/artycatz.com\/en\/wp-json\/wp\/v2\/product_cat?post=69430"},{"taxonomy":"product_tag","embeddable":true,"href":"https:\/\/artycatz.com\/en\/wp-json\/wp\/v2\/product_tag?post=69430"}],"curies":[{"name":"wp","href":"https:\/\/api.w.org\/{rel}","templated":true}]}}