{"id":69528,"date":"2025-09-30T23:07:45","date_gmt":"2025-09-30T21:07:45","guid":{"rendered":"https:\/\/artycatz.com\/produit\/gamelle-2\/"},"modified":"2026-03-04T22:54:35","modified_gmt":"2026-03-04T21:54:35","slug":"gamelle-2","status":"publish","type":"product","link":"https:\/\/artycatz.com\/en\/product\/gamelle-2\/","title":{"rendered":"Gamelle"},"content":{"rendered":"<p>Voici le top du top des gamelles pour vos amis poilus\u00a0! Fabriqu\u00e9 en acier inoxydable, sa base en caoutchouc antid\u00e9rapant contribuent \u00e0 l&rsquo;hygi\u00e8ne de votre animal (et de votre foyer) et \u00e0 son enti\u00e8re satisfaction pendant les repas. Con\u00e7u avec des mat\u00e9riaux de qualit\u00e9, cette gamelle pour animaux de compagnie vous servira, ainsi que votre animal, pendant des ann\u00e9es.<\/p>\n<p>\u2022 Acier inoxydable \u00e0 double paroi<br \/>\n\u2022 Base en caoutchouc antid\u00e9rapant<br \/>\n\u2022 Qualit\u00e9 alimentaire<br \/>\n\u2022 Lavable au lave-vaisselle lorsque la base en caoutchouc est enlev\u00e9e<\/p>\n<p>Important\u00a0: Ce produit ne peut pas \u00eatre exp\u00e9di\u00e9 en Cor\u00e9e du Sud, \u00e0 Hong Kong, \u00e0 Ta\u00efwan, au Japon ou \u00e0 Singapour. Si votre adresse de livraison est dans ces r\u00e9gions, veuillez choisir un produit diff\u00e9rent.<\/p>","protected":false},"excerpt":{"rendered":"<p>Voici le top du top des gamelles pour vos amis poilus\u00a0! Fabriqu\u00e9 en acier inoxydable, sa base en caoutchouc antid\u00e9rapant contribuent \u00e0 l&rsquo;hygi\u00e8ne de votre animal (et de votre foyer) et \u00e0 son enti\u00e8re satisfaction pendant les repas. Con\u00e7u avec des mat\u00e9riaux de qualit\u00e9, cette gamelle pour animaux de compagnie vous servira, ainsi que votre [&#8230;]\n","protected":false},"featured_media":69531,"comment_status":"open","ping_status":"closed","template":"","meta":[],"product_brand":[],"product_cat":[126],"product_tag":[],"class_list":{"0":"post-69528","1":"product","2":"type-product","3":"status-publish","4":"has-post-thumbnail","6":"product_cat-bols-mangeoires","8":"first","9":"instock","10":"shipping-taxable","11":"purchasable","12":"product-type-variable","13":"wvs-archive-product-wrapper"},"jetpack_sharing_enabled":true,"_links":{"self":[{"href":"https:\/\/artycatz.com\/en\/wp-json\/wp\/v2\/product\/69528","targetHints":{"allow":["GET"]}}],"collection":[{"href":"https:\/\/artycatz.com\/en\/wp-json\/wp\/v2\/product"}],"about":[{"href":"https:\/\/artycatz.com\/en\/wp-json\/wp\/v2\/types\/product"}],"replies":[{"embeddable":true,"href":"https:\/\/artycatz.com\/en\/wp-json\/wp\/v2\/comments?post=69528"}],"version-history":[{"count":1,"href":"https:\/\/artycatz.com\/en\/wp-json\/wp\/v2\/product\/69528\/revisions"}],"predecessor-version":[{"id":69544,"href":"https:\/\/artycatz.com\/en\/wp-json\/wp\/v2\/product\/69528\/revisions\/69544"}],"wp:featuredmedia":[{"embeddable":true,"href":"https:\/\/artycatz.com\/en\/wp-json\/wp\/v2\/media\/69531"}],"wp:attachment":[{"href":"https:\/\/artycatz.com\/en\/wp-json\/wp\/v2\/media?parent=69528"}],"wp:term":[{"taxonomy":"product_brand","embeddable":true,"href":"https:\/\/artycatz.com\/en\/wp-json\/wp\/v2\/product_brand?post=69528"},{"taxonomy":"product_cat","embeddable":true,"href":"https:\/\/artycatz.com\/en\/wp-json\/wp\/v2\/product_cat?post=69528"},{"taxonomy":"product_tag","embeddable":true,"href":"https:\/\/artycatz.com\/en\/wp-json\/wp\/v2\/product_tag?post=69528"}],"curies":[{"name":"wp","href":"https:\/\/api.w.org\/{rel}","templated":true}]}}