{"id":69651,"date":"2025-10-01T00:19:35","date_gmt":"2025-09-30T22:19:35","guid":{"rendered":"https:\/\/artycatz.com\/produit\/sac-a-dos-minimaliste\/"},"modified":"2025-12-09T14:34:40","modified_gmt":"2025-12-09T13:34:40","slug":"sac-a-dos-minimaliste","status":"publish","type":"product","link":"https:\/\/artycatz.com\/en\/product\/sac-a-dos-minimaliste\/","title":{"rendered":"Sac \u00e0 dos minimaliste"},"content":{"rendered":"<p>Si vous avez l&rsquo;impression de transporter la moiti\u00e9 de vos affaires avec vous \u00e0 tout moment, ce sac \u00e0 dos est fait pour vous\u00a0! Il dispose d&rsquo;un compartiment int\u00e9rieur spacieux (avec une poche pour votre ordinateur portable) et d&rsquo;une poche arri\u00e8re cach\u00e9e pour stocker vos articles les plus pr\u00e9cieux.<\/p>\n<p>\u2022 Fabriqu\u00e9 en polyester \u00e0 100\u00a0%<br \/>\n\u2022 Poids du tissu : 305 g\/m\u00b2<br \/>\n\u2022 Dimensions\u00a0: 41\u00a0cm (16,1\u00a0\u00ab\u00a0) de hauteur, 31\u00a0cm (12,2\u00a0\u00ab\u00a0) de largeur et 14\u00a0cm (5,5\u00a0\u00ab\u00a0) de diam\u00e8tre<br \/>\n\u2022 Capacit\u00e9 : 20 l<br \/>\n\u2022 Poids maximum : 20 kg<br \/>\n\u2022 Mat\u00e9riau r\u00e9sistant \u00e0 l&rsquo;eau<br \/>\n\u2022 Grande poche int\u00e9rieure avec une poche s\u00e9par\u00e9e pour un ordinateur portable de 15\u00a0\u00a0\u00bb et une poche cach\u00e9e avec fermeture \u00c9clair \u00e0 l&rsquo;arri\u00e8re du sac<br \/>\n\u2022 La fermeture \u00e0 glissi\u00e8re sup\u00e9rieure a 2\u00a0curseurs, et des tireurs de fermeture \u00e0 glissi\u00e8re sont attach\u00e9s \u00e0 chaque curseur<br \/>\n\u2022 Doublure soyeuse, ourlets int\u00e9rieurs passepoil\u00e9s et dos en maille douce<br \/>\n\u2022 Sangles de sac ergonomiques matelass\u00e9es en polyester avec r\u00e9gulateurs de sangle en plastique<\/p>","protected":false},"excerpt":{"rendered":"<p>Si vous avez l&rsquo;impression de transporter la moiti\u00e9 de vos affaires avec vous \u00e0 tout moment, ce sac \u00e0 dos est fait pour vous\u00a0! Il dispose d&rsquo;un compartiment int\u00e9rieur spacieux (avec une poche pour votre ordinateur portable) et d&rsquo;une poche arri\u00e8re cach\u00e9e pour stocker vos articles les plus pr\u00e9cieux. \u2022 Fabriqu\u00e9 en polyester \u00e0 100\u00a0% [&#8230;]\n","protected":false},"featured_media":69652,"comment_status":"open","ping_status":"closed","template":"","meta":[],"product_brand":[],"product_cat":[2218],"product_tag":[],"class_list":{"0":"post-69651","1":"product","2":"type-product","3":"status-publish","4":"has-post-thumbnail","6":"product_cat-pour-mon-humain","8":"first","9":"instock","10":"shipping-taxable","11":"purchasable","12":"product-type-simple"},"jetpack_sharing_enabled":true,"_links":{"self":[{"href":"https:\/\/artycatz.com\/en\/wp-json\/wp\/v2\/product\/69651","targetHints":{"allow":["GET"]}}],"collection":[{"href":"https:\/\/artycatz.com\/en\/wp-json\/wp\/v2\/product"}],"about":[{"href":"https:\/\/artycatz.com\/en\/wp-json\/wp\/v2\/types\/product"}],"replies":[{"embeddable":true,"href":"https:\/\/artycatz.com\/en\/wp-json\/wp\/v2\/comments?post=69651"}],"version-history":[{"count":3,"href":"https:\/\/artycatz.com\/en\/wp-json\/wp\/v2\/product\/69651\/revisions"}],"predecessor-version":[{"id":69714,"href":"https:\/\/artycatz.com\/en\/wp-json\/wp\/v2\/product\/69651\/revisions\/69714"}],"wp:featuredmedia":[{"embeddable":true,"href":"https:\/\/artycatz.com\/en\/wp-json\/wp\/v2\/media\/69652"}],"wp:attachment":[{"href":"https:\/\/artycatz.com\/en\/wp-json\/wp\/v2\/media?parent=69651"}],"wp:term":[{"taxonomy":"product_brand","embeddable":true,"href":"https:\/\/artycatz.com\/en\/wp-json\/wp\/v2\/product_brand?post=69651"},{"taxonomy":"product_cat","embeddable":true,"href":"https:\/\/artycatz.com\/en\/wp-json\/wp\/v2\/product_cat?post=69651"},{"taxonomy":"product_tag","embeddable":true,"href":"https:\/\/artycatz.com\/en\/wp-json\/wp\/v2\/product_tag?post=69651"}],"curies":[{"name":"wp","href":"https:\/\/api.w.org\/{rel}","templated":true}]}}