{"id":69685,"date":"2025-10-01T14:24:56","date_gmt":"2025-10-01T12:24:56","guid":{"rendered":"https:\/\/artycatz.com\/produit\/tote-bag-transparent-2\/"},"modified":"2025-12-09T14:34:03","modified_gmt":"2025-12-09T13:34:03","slug":"tote-bag-transparent-2","status":"publish","type":"product","link":"https:\/\/artycatz.com\/en\/product\/tote-bag-transparent-2\/","title":{"rendered":"Tote bag transparent"},"content":{"rendered":"<p>Transparent, chic et pr\u00eat pour le stade. Ce sac est fait pour le transport quotidien, des concerts aux journ\u00e9es \u00e0 la plage, avec un look \u00e9l\u00e9gant et transparent et une construction robuste. <\/p>\n<p> \u2022 TPU (mat\u00e9riau transparent semblable \u00e0 du caoutchouc)<br \/>\n \u2022 0,5\u00a0mm (0,02\u2033) d&rsquo;\u00e9paisseur<br \/>\n \u2022 Taille du sac\u00a0: 30,5\u00a0cm \u00d7 15,3\u00a0cm \u00d7 30,5\u00a0cm (12\u2033 \u00d7 6\u2033 \u00d7 12\u2033)<br \/>\n \u2022 Compartiment principal ouvert <\/p>\n<p> Avertissement\u00a0: en raison de la transparence du mat\u00e9riau et du caract\u00e8re artisanal de fabrication de ce produit, des traces d&#8217;empreintes digitales peuvent appara\u00eetre \u00e0 la surface. Celles-ci n&rsquo;affectent pas sa qualit\u00e9 ou sa durabilit\u00e9.<\/p>\n<p>En conformit\u00e9 avec le R\u00e8glement pour la S\u00e9curit\u00e9 G\u00e9n\u00e9rale des Produits (RSGP), garantissent que tous les produits de consommation propos\u00e9s sont s\u00fbrs et conformes aux normes de l&rsquo;UE. <\/p>","protected":false},"excerpt":{"rendered":"<p>Transparent, chic et pr\u00eat pour le stade. Ce sac est fait pour le transport quotidien, des concerts aux journ\u00e9es \u00e0 la plage, avec un look \u00e9l\u00e9gant et transparent et une construction robuste. \u2022 TPU (mat\u00e9riau transparent semblable \u00e0 du caoutchouc) \u2022 0,5\u00a0mm (0,02\u2033) d&rsquo;\u00e9paisseur \u2022 Taille du sac\u00a0: 30,5\u00a0cm \u00d7 15,3\u00a0cm \u00d7 30,5\u00a0cm (12\u2033 \u00d7 [&#8230;]\n","protected":false},"featured_media":69686,"comment_status":"open","ping_status":"closed","template":"","meta":[],"product_brand":[],"product_cat":[2218],"product_tag":[],"class_list":{"0":"post-69685","1":"product","2":"type-product","3":"status-publish","4":"has-post-thumbnail","6":"product_cat-pour-mon-humain","8":"first","9":"instock","10":"shipping-taxable","11":"purchasable","12":"product-type-simple"},"jetpack_sharing_enabled":true,"_links":{"self":[{"href":"https:\/\/artycatz.com\/en\/wp-json\/wp\/v2\/product\/69685","targetHints":{"allow":["GET"]}}],"collection":[{"href":"https:\/\/artycatz.com\/en\/wp-json\/wp\/v2\/product"}],"about":[{"href":"https:\/\/artycatz.com\/en\/wp-json\/wp\/v2\/types\/product"}],"replies":[{"embeddable":true,"href":"https:\/\/artycatz.com\/en\/wp-json\/wp\/v2\/comments?post=69685"}],"version-history":[{"count":2,"href":"https:\/\/artycatz.com\/en\/wp-json\/wp\/v2\/product\/69685\/revisions"}],"predecessor-version":[{"id":69715,"href":"https:\/\/artycatz.com\/en\/wp-json\/wp\/v2\/product\/69685\/revisions\/69715"}],"wp:featuredmedia":[{"embeddable":true,"href":"https:\/\/artycatz.com\/en\/wp-json\/wp\/v2\/media\/69686"}],"wp:attachment":[{"href":"https:\/\/artycatz.com\/en\/wp-json\/wp\/v2\/media?parent=69685"}],"wp:term":[{"taxonomy":"product_brand","embeddable":true,"href":"https:\/\/artycatz.com\/en\/wp-json\/wp\/v2\/product_brand?post=69685"},{"taxonomy":"product_cat","embeddable":true,"href":"https:\/\/artycatz.com\/en\/wp-json\/wp\/v2\/product_cat?post=69685"},{"taxonomy":"product_tag","embeddable":true,"href":"https:\/\/artycatz.com\/en\/wp-json\/wp\/v2\/product_tag?post=69685"}],"curies":[{"name":"wp","href":"https:\/\/api.w.org\/{rel}","templated":true}]}}