{"id":69730,"date":"2025-12-03T20:29:33","date_gmt":"2025-12-03T19:29:33","guid":{"rendered":"https:\/\/artycatz.com\/produit\/gamelle\/"},"modified":"2026-03-04T22:52:33","modified_gmt":"2026-03-04T21:52:33","slug":"gamelle","status":"publish","type":"product","link":"https:\/\/artycatz.com\/en\/product\/gamelle\/","title":{"rendered":"Gamelle"},"content":{"rendered":"<p>Voici le top du top des gamelles\u00a0! Fabriqu\u00e9e en acier inoxydable, sa base en caoutchouc antid\u00e9rapant contribue \u00e0 l&rsquo;hygi\u00e8ne de votre chat (et de votre foyer) et \u00e0 son enti\u00e8re satisfaction pendant les repas. Con\u00e7ue avec des mat\u00e9riaux de qualit\u00e9, cette gamelle vous servira, ainsi que votre chat, pendant des ann\u00e9es.<\/p>\n<p>\u2022 Acier inoxydable \u00e0 double paroi<br \/>\n\u2022 Base en caoutchouc antid\u00e9rapant<br \/>\n\u2022 Qualit\u00e9 alimentaire<br \/>\n\u2022 Lavable au lave-vaisselle lorsque la base en caoutchouc est enlev\u00e9e<\/p>","protected":false},"excerpt":{"rendered":"<p>Voici le top du top des gamelles\u00a0! Fabriqu\u00e9e en acier inoxydable, sa base en caoutchouc antid\u00e9rapant contribue \u00e0 l&rsquo;hygi\u00e8ne de votre chat (et de votre foyer) et \u00e0 son enti\u00e8re satisfaction pendant les repas. Con\u00e7ue avec des mat\u00e9riaux de qualit\u00e9, cette gamelle vous servira, ainsi que votre chat, pendant des ann\u00e9es. \u2022 Acier inoxydable \u00e0 [&#8230;]\n","protected":false},"featured_media":69733,"comment_status":"open","ping_status":"closed","template":"","meta":[],"product_brand":[],"product_cat":[126],"product_tag":[],"class_list":{"0":"post-69730","1":"product","2":"type-product","3":"status-publish","4":"has-post-thumbnail","6":"product_cat-bols-mangeoires","8":"first","9":"instock","10":"shipping-taxable","11":"purchasable","12":"product-type-variable","13":"wvs-archive-product-wrapper"},"jetpack_sharing_enabled":true,"_links":{"self":[{"href":"https:\/\/artycatz.com\/en\/wp-json\/wp\/v2\/product\/69730","targetHints":{"allow":["GET"]}}],"collection":[{"href":"https:\/\/artycatz.com\/en\/wp-json\/wp\/v2\/product"}],"about":[{"href":"https:\/\/artycatz.com\/en\/wp-json\/wp\/v2\/types\/product"}],"replies":[{"embeddable":true,"href":"https:\/\/artycatz.com\/en\/wp-json\/wp\/v2\/comments?post=69730"}],"version-history":[{"count":1,"href":"https:\/\/artycatz.com\/en\/wp-json\/wp\/v2\/product\/69730\/revisions"}],"predecessor-version":[{"id":69745,"href":"https:\/\/artycatz.com\/en\/wp-json\/wp\/v2\/product\/69730\/revisions\/69745"}],"wp:featuredmedia":[{"embeddable":true,"href":"https:\/\/artycatz.com\/en\/wp-json\/wp\/v2\/media\/69733"}],"wp:attachment":[{"href":"https:\/\/artycatz.com\/en\/wp-json\/wp\/v2\/media?parent=69730"}],"wp:term":[{"taxonomy":"product_brand","embeddable":true,"href":"https:\/\/artycatz.com\/en\/wp-json\/wp\/v2\/product_brand?post=69730"},{"taxonomy":"product_cat","embeddable":true,"href":"https:\/\/artycatz.com\/en\/wp-json\/wp\/v2\/product_cat?post=69730"},{"taxonomy":"product_tag","embeddable":true,"href":"https:\/\/artycatz.com\/en\/wp-json\/wp\/v2\/product_tag?post=69730"}],"curies":[{"name":"wp","href":"https:\/\/api.w.org\/{rel}","templated":true}]}}