{"id":69747,"date":"2025-12-03T22:20:22","date_gmt":"2025-12-03T21:20:22","guid":{"rendered":"https:\/\/artycatz.com\/produit\/housse-de-coussin\/"},"modified":"2026-03-04T22:52:03","modified_gmt":"2026-03-04T21:52:03","slug":"housse-de-coussin","status":"publish","type":"product","link":"https:\/\/artycatz.com\/en\/product\/housse-de-coussin\/","title":{"rendered":"Housse de Coussin"},"content":{"rendered":"<p>Un accent plac\u00e9 de mani\u00e8re strat\u00e9gique peut donner vie \u00e0 toute la pi\u00e8ce, et ce coussin est exactement ce dont vous avez besoin pour le faire. Ce produit est uniquement la taie du coussin, le remplissage n&rsquo;est pas inclus.<\/p>\n<p>\u2022 100\u00a0% polyester<br \/>\n\u2022 Poids du tissu\u00a0: 220-250\u00a0g\/m\u00b2 (6,49-7,37\u00a0oz\/yd\u00b2)<br \/>\n\u2022 Fermeture \u00e9clair cach\u00e9e<br \/>\n\u2022 \u00c9tui lavable en machine<\/p>","protected":false},"excerpt":{"rendered":"<p>Un accent plac\u00e9 de mani\u00e8re strat\u00e9gique peut donner vie \u00e0 toute la pi\u00e8ce, et ce coussin est exactement ce dont vous avez besoin pour le faire. Ce produit est uniquement la taie du coussin, le remplissage n&rsquo;est pas inclus. \u2022 100\u00a0% polyester \u2022 Poids du tissu\u00a0: 220-250\u00a0g\/m\u00b2 (6,49-7,37\u00a0oz\/yd\u00b2) \u2022 Fermeture \u00e9clair cach\u00e9e \u2022 \u00c9tui lavable [&#8230;]\n","protected":false},"featured_media":69751,"comment_status":"open","ping_status":"closed","template":"","meta":[],"product_brand":[],"product_cat":[2218],"product_tag":[],"class_list":{"0":"post-69747","1":"product","2":"type-product","3":"status-publish","4":"has-post-thumbnail","6":"product_cat-pour-mon-humain","8":"first","9":"instock","10":"shipping-taxable","11":"purchasable","12":"product-type-variable","13":"wvs-archive-product-wrapper"},"jetpack_sharing_enabled":true,"_links":{"self":[{"href":"https:\/\/artycatz.com\/en\/wp-json\/wp\/v2\/product\/69747","targetHints":{"allow":["GET"]}}],"collection":[{"href":"https:\/\/artycatz.com\/en\/wp-json\/wp\/v2\/product"}],"about":[{"href":"https:\/\/artycatz.com\/en\/wp-json\/wp\/v2\/types\/product"}],"replies":[{"embeddable":true,"href":"https:\/\/artycatz.com\/en\/wp-json\/wp\/v2\/comments?post=69747"}],"version-history":[{"count":1,"href":"https:\/\/artycatz.com\/en\/wp-json\/wp\/v2\/product\/69747\/revisions"}],"predecessor-version":[{"id":69781,"href":"https:\/\/artycatz.com\/en\/wp-json\/wp\/v2\/product\/69747\/revisions\/69781"}],"wp:featuredmedia":[{"embeddable":true,"href":"https:\/\/artycatz.com\/en\/wp-json\/wp\/v2\/media\/69751"}],"wp:attachment":[{"href":"https:\/\/artycatz.com\/en\/wp-json\/wp\/v2\/media?parent=69747"}],"wp:term":[{"taxonomy":"product_brand","embeddable":true,"href":"https:\/\/artycatz.com\/en\/wp-json\/wp\/v2\/product_brand?post=69747"},{"taxonomy":"product_cat","embeddable":true,"href":"https:\/\/artycatz.com\/en\/wp-json\/wp\/v2\/product_cat?post=69747"},{"taxonomy":"product_tag","embeddable":true,"href":"https:\/\/artycatz.com\/en\/wp-json\/wp\/v2\/product_tag?post=69747"}],"curies":[{"name":"wp","href":"https:\/\/api.w.org\/{rel}","templated":true}]}}