{"id":69792,"date":"2025-12-03T23:20:11","date_gmt":"2025-12-03T22:20:11","guid":{"rendered":"https:\/\/artycatz.com\/produit\/carnet-a-spirale\/"},"modified":"2026-04-12T14:24:18","modified_gmt":"2026-04-12T12:24:18","slug":"carnet-a-spirale","status":"publish","type":"product","link":"https:\/\/artycatz.com\/en\/product\/carnet-a-spirale\/","title":{"rendered":"Carnet \u00e0 spirale Art Catz"},"content":{"rendered":"<p>Un bon carnet peut vous aider \u00e0 \u00eatre motiv\u00e9 \u00e0 prendre plus de notes, \u00e0 \u00e9crire des id\u00e9es ou \u00e0 dresser la liste de vos r\u00eaves futurs. Ce carnet \u00e0 reliure m\u00e9tallique personnalis\u00e9 sera un excellent compagnon du quotidien lorsque vous aurez besoin de mettre vos pens\u00e9es sur papier\u00a0!<\/p>\n<p>\u2022 Couvertures avec un rev\u00eatement doux au toucher<br \/>\n\u2022 Poids de la couverture\u00a0: 352 g\/m\u00b2 (10,38 oz\/yd\u00b2)<br \/>\n\u2022 Poids de la page : 89 g\/m\u00b2 (2,62 oz\/yd\u00b2)<br \/>\n\u2022 Reliure m\u00e9tallique<br \/>\n\u2022 140 pages pointill\u00e9es<br \/>\n\u2022 Les carnets mesurent 14,5 \u00d7 21 cm (5,7\u2033 \u00d7 8,5\u2033)<\/p>","protected":false},"excerpt":{"rendered":"<p>Un bon carnet peut vous aider \u00e0 \u00eatre motiv\u00e9 \u00e0 prendre plus de notes, \u00e0 \u00e9crire des id\u00e9es ou \u00e0 dresser la liste de vos r\u00eaves futurs. Ce carnet \u00e0 reliure m\u00e9tallique personnalis\u00e9 sera un excellent compagnon du quotidien lorsque vous aurez besoin de mettre vos pens\u00e9es sur papier\u00a0! \u2022 Couvertures avec un rev\u00eatement doux [&#8230;]\n","protected":false},"featured_media":69793,"comment_status":"open","ping_status":"closed","template":"","meta":[],"product_brand":[],"product_cat":[2218],"product_tag":[],"class_list":{"0":"post-69792","1":"product","2":"type-product","3":"status-publish","4":"has-post-thumbnail","6":"product_cat-pour-mon-humain","8":"first","9":"instock","10":"shipping-taxable","11":"purchasable","12":"product-type-simple"},"jetpack_sharing_enabled":true,"_links":{"self":[{"href":"https:\/\/artycatz.com\/en\/wp-json\/wp\/v2\/product\/69792","targetHints":{"allow":["GET"]}}],"collection":[{"href":"https:\/\/artycatz.com\/en\/wp-json\/wp\/v2\/product"}],"about":[{"href":"https:\/\/artycatz.com\/en\/wp-json\/wp\/v2\/types\/product"}],"replies":[{"embeddable":true,"href":"https:\/\/artycatz.com\/en\/wp-json\/wp\/v2\/comments?post=69792"}],"version-history":[{"count":4,"href":"https:\/\/artycatz.com\/en\/wp-json\/wp\/v2\/product\/69792\/revisions"}],"predecessor-version":[{"id":70360,"href":"https:\/\/artycatz.com\/en\/wp-json\/wp\/v2\/product\/69792\/revisions\/70360"}],"wp:featuredmedia":[{"embeddable":true,"href":"https:\/\/artycatz.com\/en\/wp-json\/wp\/v2\/media\/69793"}],"wp:attachment":[{"href":"https:\/\/artycatz.com\/en\/wp-json\/wp\/v2\/media?parent=69792"}],"wp:term":[{"taxonomy":"product_brand","embeddable":true,"href":"https:\/\/artycatz.com\/en\/wp-json\/wp\/v2\/product_brand?post=69792"},{"taxonomy":"product_cat","embeddable":true,"href":"https:\/\/artycatz.com\/en\/wp-json\/wp\/v2\/product_cat?post=69792"},{"taxonomy":"product_tag","embeddable":true,"href":"https:\/\/artycatz.com\/en\/wp-json\/wp\/v2\/product_tag?post=69792"}],"curies":[{"name":"wp","href":"https:\/\/api.w.org\/{rel}","templated":true}]}}