{"id":69819,"date":"2025-12-04T00:12:57","date_gmt":"2025-12-03T23:12:57","guid":{"rendered":"https:\/\/artycatz.com\/produit\/gamelle-3\/"},"modified":"2026-03-04T22:51:09","modified_gmt":"2026-03-04T21:51:09","slug":"gamelle-3","status":"publish","type":"product","link":"https:\/\/artycatz.com\/en\/product\/gamelle-3\/","title":{"rendered":"Gamelle"},"content":{"rendered":"<p>Voici le top du top des gamelles pour vos amis poilus\u00a0! Fabriqu\u00e9 en acier inoxydable, sa base en caoutchouc antid\u00e9rapant contribuent \u00e0 l&rsquo;hygi\u00e8ne de votre animal (et de votre foyer) et \u00e0 son enti\u00e8re satisfaction pendant les repas. Con\u00e7u avec des mat\u00e9riaux de qualit\u00e9, cette gamelle pour animaux de compagnie vous servira, ainsi que votre animal, pendant des ann\u00e9es.<\/p>\n<p>\u2022 Acier inoxydable \u00e0 double paroi<br \/>\n\u2022 Base en caoutchouc antid\u00e9rapant<br \/>\n\u2022 Qualit\u00e9 alimentaire<br \/>\n\u2022 Lavable au lave-vaisselle lorsque la base en caoutchouc est enlev\u00e9e<\/p>","protected":false},"excerpt":{"rendered":"<p>Voici le top du top des gamelles pour vos amis poilus\u00a0! Fabriqu\u00e9 en acier inoxydable, sa base en caoutchouc antid\u00e9rapant contribuent \u00e0 l&rsquo;hygi\u00e8ne de votre animal (et de votre foyer) et \u00e0 son enti\u00e8re satisfaction pendant les repas. Con\u00e7u avec des mat\u00e9riaux de qualit\u00e9, cette gamelle pour animaux de compagnie vous servira, ainsi que votre [&#8230;]\n","protected":false},"featured_media":69822,"comment_status":"open","ping_status":"closed","template":"","meta":[],"product_brand":[],"product_cat":[126],"product_tag":[],"class_list":{"0":"post-69819","1":"product","2":"type-product","3":"status-publish","4":"has-post-thumbnail","6":"product_cat-bols-mangeoires","8":"first","9":"instock","10":"shipping-taxable","11":"purchasable","12":"product-type-variable","13":"wvs-archive-product-wrapper"},"jetpack_sharing_enabled":true,"_links":{"self":[{"href":"https:\/\/artycatz.com\/en\/wp-json\/wp\/v2\/product\/69819","targetHints":{"allow":["GET"]}}],"collection":[{"href":"https:\/\/artycatz.com\/en\/wp-json\/wp\/v2\/product"}],"about":[{"href":"https:\/\/artycatz.com\/en\/wp-json\/wp\/v2\/types\/product"}],"replies":[{"embeddable":true,"href":"https:\/\/artycatz.com\/en\/wp-json\/wp\/v2\/comments?post=69819"}],"version-history":[{"count":2,"href":"https:\/\/artycatz.com\/en\/wp-json\/wp\/v2\/product\/69819\/revisions"}],"predecessor-version":[{"id":69951,"href":"https:\/\/artycatz.com\/en\/wp-json\/wp\/v2\/product\/69819\/revisions\/69951"}],"wp:featuredmedia":[{"embeddable":true,"href":"https:\/\/artycatz.com\/en\/wp-json\/wp\/v2\/media\/69822"}],"wp:attachment":[{"href":"https:\/\/artycatz.com\/en\/wp-json\/wp\/v2\/media?parent=69819"}],"wp:term":[{"taxonomy":"product_brand","embeddable":true,"href":"https:\/\/artycatz.com\/en\/wp-json\/wp\/v2\/product_brand?post=69819"},{"taxonomy":"product_cat","embeddable":true,"href":"https:\/\/artycatz.com\/en\/wp-json\/wp\/v2\/product_cat?post=69819"},{"taxonomy":"product_tag","embeddable":true,"href":"https:\/\/artycatz.com\/en\/wp-json\/wp\/v2\/product_tag?post=69819"}],"curies":[{"name":"wp","href":"https:\/\/api.w.org\/{rel}","templated":true}]}}