{"id":69945,"date":"2025-12-04T01:26:00","date_gmt":"2025-12-04T00:26:00","guid":{"rendered":"https:\/\/artycatz.com\/produit\/grand-tote-bag-bio\/"},"modified":"2025-12-09T14:32:32","modified_gmt":"2025-12-09T13:32:32","slug":"grand-tote-bag-bio","status":"publish","type":"product","link":"https:\/\/artycatz.com\/en\/product\/grand-tote-bag-bio\/","title":{"rendered":"Grand tote bag bio"},"content":{"rendered":"<p>D\u00e9barrassez-vous de tout le plastique et emballez vos affaires dans ce grand sac fourre-tout en coton biologique. Remplissez-le de courses, de livres et d&rsquo;articles essentiels de voyage\u00a0: il y a de la place pour tout\u00a0!<\/p>\n<p>\u2022 100\u00a0% coton biologique certifi\u00e9 3\/1 serg\u00e9<br \/>\n\u2022 Poids du tissu\u00a0: 8 oz\/yd\u00b2 (272\u00a0g\/m\u00b2)<br \/>\n\u2022 Dimensions\u00a0: 20\u00a0\u00bb \u00d7 14\u2033 \u00d7 5\u2033 (50,8\u00a0\u00d7\u00a035,6\u00a0\u00d7\u00a012,7\u00a0cm)<br \/>\n\u2022 Capacit\u00e9\u00a0: 6 gallons (23 l)<br \/>\n\u2022 Limite de poids\u00a0: 30 lbs (13,6\u00a0kg)<br \/>\n\u2022 Sangle dans le m\u00eame tissu doubl\u00e9\u00a0: 1&Prime; \u00d7 25&Prime; (2,5\u00a0\u00d7\u00a063,5\u00a0cm)<br \/>\n\u2022 Compartiment principal ouvert, fond plat<br \/>\n\u2022 Produit vierge provenant de Chine ou d&rsquo;Inde<\/p>\n<p> Avertissement\u00a0: Les instructions d&rsquo;entretien sur l&rsquo;\u00e9tiquette d\u00e9tachable peuvent se d\u00e9laver apr\u00e8s lavage.<\/p>","protected":false},"excerpt":{"rendered":"<p>D\u00e9barrassez-vous de tout le plastique et emballez vos affaires dans ce grand sac fourre-tout en coton biologique. Remplissez-le de courses, de livres et d&rsquo;articles essentiels de voyage\u00a0: il y a de la place pour tout\u00a0! \u2022 100\u00a0% coton biologique certifi\u00e9 3\/1 serg\u00e9 \u2022 Poids du tissu\u00a0: 8 oz\/yd\u00b2 (272\u00a0g\/m\u00b2) \u2022 Dimensions\u00a0: 20\u00a0\u00bb \u00d7 14\u2033 \u00d7 [&#8230;]\n","protected":false},"featured_media":69946,"comment_status":"open","ping_status":"closed","template":"","meta":[],"product_brand":[],"product_cat":[2218],"product_tag":[],"class_list":{"0":"post-69945","1":"product","2":"type-product","3":"status-publish","4":"has-post-thumbnail","6":"product_cat-pour-mon-humain","8":"first","9":"instock","10":"shipping-taxable","11":"purchasable","12":"product-type-simple"},"jetpack_sharing_enabled":true,"_links":{"self":[{"href":"https:\/\/artycatz.com\/en\/wp-json\/wp\/v2\/product\/69945","targetHints":{"allow":["GET"]}}],"collection":[{"href":"https:\/\/artycatz.com\/en\/wp-json\/wp\/v2\/product"}],"about":[{"href":"https:\/\/artycatz.com\/en\/wp-json\/wp\/v2\/types\/product"}],"replies":[{"embeddable":true,"href":"https:\/\/artycatz.com\/en\/wp-json\/wp\/v2\/comments?post=69945"}],"version-history":[{"count":1,"href":"https:\/\/artycatz.com\/en\/wp-json\/wp\/v2\/product\/69945\/revisions"}],"predecessor-version":[{"id":69950,"href":"https:\/\/artycatz.com\/en\/wp-json\/wp\/v2\/product\/69945\/revisions\/69950"}],"wp:featuredmedia":[{"embeddable":true,"href":"https:\/\/artycatz.com\/en\/wp-json\/wp\/v2\/media\/69946"}],"wp:attachment":[{"href":"https:\/\/artycatz.com\/en\/wp-json\/wp\/v2\/media?parent=69945"}],"wp:term":[{"taxonomy":"product_brand","embeddable":true,"href":"https:\/\/artycatz.com\/en\/wp-json\/wp\/v2\/product_brand?post=69945"},{"taxonomy":"product_cat","embeddable":true,"href":"https:\/\/artycatz.com\/en\/wp-json\/wp\/v2\/product_cat?post=69945"},{"taxonomy":"product_tag","embeddable":true,"href":"https:\/\/artycatz.com\/en\/wp-json\/wp\/v2\/product_tag?post=69945"}],"curies":[{"name":"wp","href":"https:\/\/api.w.org\/{rel}","templated":true}]}}