{"id":69952,"date":"2025-12-04T01:40:07","date_gmt":"2025-12-04T00:40:07","guid":{"rendered":"https:\/\/artycatz.com\/produit\/gobelet-isotherme-avec-paille\/"},"modified":"2025-12-09T14:32:20","modified_gmt":"2025-12-09T13:32:20","slug":"gobelet-isotherme-avec-paille","status":"publish","type":"product","link":"https:\/\/artycatz.com\/en\/product\/gobelet-isotherme-avec-paille\/","title":{"rendered":"Gobelet isotherme avec paille"},"content":{"rendered":"<p>Ajoutez de la couleur \u00e0 votre journ\u00e9e gr\u00e2ce \u00e0 ce gobelet isotherme. Vive le style et la praticit\u00e9 !<\/p>\n<p>\u2022 Gobelet en acier inoxydable de haute qualit\u00e9<br \/>\n\u2022 600\u00a0ml (20\u00a0oz)<br \/>\n\u2022 Taille du gobelet\u00a0: 10,1 \u00d7\u00a018,2\u00a0cm (4\u00a0\u00d7\u00a07,2\u00a0\u00ab\u00a0)<br \/>\n\u2022 Comprend une paille et un couvercle<\/p>\n<p>\nAvertissement\u00a0: <br \/>\n\u2022 Ne va pas au lave-vaisselle ni au micro-ondes. Lavage \u00e0 la main uniquement.<br \/>\n\u2022 Non \u00e9tanche Pour \u00e9viter les fuites potentielles, nous vous recommandons de garder le gobelet en acier inoxydable en position verticale \u00e0 tout moment.<\/p>","protected":false},"excerpt":{"rendered":"<p>Ajoutez de la couleur \u00e0 votre journ\u00e9e gr\u00e2ce \u00e0 ce gobelet isotherme. Vive le style et la praticit\u00e9 ! \u2022 Gobelet en acier inoxydable de haute qualit\u00e9 \u2022 600\u00a0ml (20\u00a0oz) \u2022 Taille du gobelet\u00a0: 10,1 \u00d7\u00a018,2\u00a0cm (4\u00a0\u00d7\u00a07,2\u00a0\u00ab\u00a0) \u2022 Comprend une paille et un couvercle Avertissement\u00a0: \u2022 Ne va pas au lave-vaisselle ni au micro-ondes. Lavage [&#8230;]\n","protected":false},"featured_media":69954,"comment_status":"open","ping_status":"closed","template":"","meta":[],"product_brand":[],"product_cat":[2218],"product_tag":[],"class_list":{"0":"post-69952","1":"product","2":"type-product","3":"status-publish","4":"has-post-thumbnail","6":"product_cat-pour-mon-humain","8":"first","9":"instock","10":"shipping-taxable","11":"purchasable","12":"product-type-simple"},"jetpack_sharing_enabled":true,"_links":{"self":[{"href":"https:\/\/artycatz.com\/en\/wp-json\/wp\/v2\/product\/69952","targetHints":{"allow":["GET"]}}],"collection":[{"href":"https:\/\/artycatz.com\/en\/wp-json\/wp\/v2\/product"}],"about":[{"href":"https:\/\/artycatz.com\/en\/wp-json\/wp\/v2\/types\/product"}],"replies":[{"embeddable":true,"href":"https:\/\/artycatz.com\/en\/wp-json\/wp\/v2\/comments?post=69952"}],"version-history":[{"count":1,"href":"https:\/\/artycatz.com\/en\/wp-json\/wp\/v2\/product\/69952\/revisions"}],"predecessor-version":[{"id":69963,"href":"https:\/\/artycatz.com\/en\/wp-json\/wp\/v2\/product\/69952\/revisions\/69963"}],"wp:featuredmedia":[{"embeddable":true,"href":"https:\/\/artycatz.com\/en\/wp-json\/wp\/v2\/media\/69954"}],"wp:attachment":[{"href":"https:\/\/artycatz.com\/en\/wp-json\/wp\/v2\/media?parent=69952"}],"wp:term":[{"taxonomy":"product_brand","embeddable":true,"href":"https:\/\/artycatz.com\/en\/wp-json\/wp\/v2\/product_brand?post=69952"},{"taxonomy":"product_cat","embeddable":true,"href":"https:\/\/artycatz.com\/en\/wp-json\/wp\/v2\/product_cat?post=69952"},{"taxonomy":"product_tag","embeddable":true,"href":"https:\/\/artycatz.com\/en\/wp-json\/wp\/v2\/product_tag?post=69952"}],"curies":[{"name":"wp","href":"https:\/\/api.w.org\/{rel}","templated":true}]}}