{"id":70108,"date":"2025-12-09T00:06:53","date_gmt":"2025-12-08T23:06:53","guid":{"rendered":"https:\/\/artycatz.com\/produit\/mug-a-interieur-colore-2\/"},"modified":"2025-12-09T14:30:41","modified_gmt":"2025-12-09T13:30:41","slug":"mug-a-interieur-colore-2","status":"publish","type":"product","link":"https:\/\/artycatz.com\/en\/product\/mug-a-interieur-colore-2\/","title":{"rendered":"Mug \u00e0 Int\u00e9rieur Color\u00e9"},"content":{"rendered":"<p>Ajoutez une touche de couleur \u00e0 votre rituel de caf\u00e9 ou de th\u00e9 du matinAjoutez une touche de couleur \u00e0 votre rituel du caf\u00e9 ou du th\u00e9 du matin\u00a0! Ces mugs en c\u00e9ramique ont non seulement un beau design, mais leur rebord, la poign\u00e9e et l&rsquo;int\u00e9rieur sont color\u00e9s, de sorte que le mug pimentera votre \u00e9tag\u00e8re \u00e0 mugs.<\/p>\n<p>\u2022 C\u00e9ramique<br \/>\n\u2022 Dimensions du mug de 11\u00a0oz\u00a0: 9,6\u00a0cm (3,79\u00a0\u00ab\u00a0) de hauteur, 8,3\u00a0cm (3,25\u00a0\u00ab\u00a0) de diam\u00e8tre<br \/>\n\u2022 Dimensions du mug de 15\u00a0oz\u00a0: 11,9\u00a0cm (4,69\u00a0\u00ab\u00a0) de hauteur, 8,5\u00a0cm (3,35\u00a0\u00ab\u00a0) de diam\u00e8tre<br \/>\n\u2022 Mat\u00e9riau sans plomb et sans BPA<br \/>\n\u2022 Rebord, int\u00e9rieur et poign\u00e9e color\u00e9s<br \/>\n\u2022 Passe au lave-vaisselle et au micro-ondes<\/p>","protected":false},"excerpt":{"rendered":"<p>Ajoutez une touche de couleur \u00e0 votre rituel de caf\u00e9 ou de th\u00e9 du matinAjoutez une touche de couleur \u00e0 votre rituel du caf\u00e9 ou du th\u00e9 du matin\u00a0! Ces mugs en c\u00e9ramique ont non seulement un beau design, mais leur rebord, la poign\u00e9e et l&rsquo;int\u00e9rieur sont color\u00e9s, de sorte que le mug pimentera votre [&#8230;]\n","protected":false},"featured_media":70109,"comment_status":"open","ping_status":"closed","template":"","meta":[],"product_brand":[],"product_cat":[2218],"product_tag":[],"class_list":{"0":"post-70108","1":"product","2":"type-product","3":"status-publish","4":"has-post-thumbnail","6":"product_cat-pour-mon-humain","8":"first","9":"instock","10":"shipping-taxable","11":"purchasable","12":"product-type-simple"},"jetpack_sharing_enabled":true,"_links":{"self":[{"href":"https:\/\/artycatz.com\/en\/wp-json\/wp\/v2\/product\/70108","targetHints":{"allow":["GET"]}}],"collection":[{"href":"https:\/\/artycatz.com\/en\/wp-json\/wp\/v2\/product"}],"about":[{"href":"https:\/\/artycatz.com\/en\/wp-json\/wp\/v2\/types\/product"}],"replies":[{"embeddable":true,"href":"https:\/\/artycatz.com\/en\/wp-json\/wp\/v2\/comments?post=70108"}],"version-history":[{"count":1,"href":"https:\/\/artycatz.com\/en\/wp-json\/wp\/v2\/product\/70108\/revisions"}],"predecessor-version":[{"id":70120,"href":"https:\/\/artycatz.com\/en\/wp-json\/wp\/v2\/product\/70108\/revisions\/70120"}],"wp:featuredmedia":[{"embeddable":true,"href":"https:\/\/artycatz.com\/en\/wp-json\/wp\/v2\/media\/70109"}],"wp:attachment":[{"href":"https:\/\/artycatz.com\/en\/wp-json\/wp\/v2\/media?parent=70108"}],"wp:term":[{"taxonomy":"product_brand","embeddable":true,"href":"https:\/\/artycatz.com\/en\/wp-json\/wp\/v2\/product_brand?post=70108"},{"taxonomy":"product_cat","embeddable":true,"href":"https:\/\/artycatz.com\/en\/wp-json\/wp\/v2\/product_cat?post=70108"},{"taxonomy":"product_tag","embeddable":true,"href":"https:\/\/artycatz.com\/en\/wp-json\/wp\/v2\/product_tag?post=70108"}],"curies":[{"name":"wp","href":"https:\/\/api.w.org\/{rel}","templated":true}]}}