{"id":70151,"date":"2025-12-09T00:24:08","date_gmt":"2025-12-08T23:24:08","guid":{"rendered":"https:\/\/artycatz.com\/produit\/bouteille-deau-en-acier-inoxydable-avec-paille\/"},"modified":"2025-12-09T14:29:06","modified_gmt":"2025-12-09T13:29:06","slug":"bouteille-deau-en-acier-inoxydable-avec-paille","status":"publish","type":"product","link":"https:\/\/artycatz.com\/en\/product\/bouteille-deau-en-acier-inoxydable-avec-paille\/","title":{"rendered":"Bouteille d&rsquo;eau en acier inoxydable avec paille"},"content":{"rendered":"<p>Restez hydrat\u00e9.e toute la journ\u00e9e avec cette bouteille d&rsquo;eau de 950\u00a0ml (32\u00a0oz). Elle est id\u00e9ale pour vos s\u00e9ances de sport ou les journ\u00e9es charg\u00e9es, elle vient avec une paille pliable pour que vous puissiez siroter facilement et une poign\u00e9e rotative pour un transport facile.<\/p>\n<p>\u2022 Acier inoxydable \u00e0 double paroi avec isolation sous vide<br \/>\n\u2022 Couvercle en plastique et paille pliable \u00e0 large ouverture<br \/>\n\u2022 950\u00a0ml (32\u00a0oz)<br \/>\n\u2022 Hauteur\u00a0: 25,2\u00a0cm (9,92\u00a0\u00ab\u00a0)<br \/>\n\u2022 Diam\u00e8tre\u00a0: 9\u00a0cm (3,54\u00a0\u00ab\u00a0)<br \/>\n\u2022 Fini brillant<br \/>\n\u2022 Poign\u00e9e rotative<br \/>\n\u2022 Dot\u00e9e d&rsquo;un patch antid\u00e9rapant<\/p>\n<p>\nAvertissement\u00a0: N&rsquo;est pas adapt\u00e9 au lave-vaisselle ni au micro-ondes. Lavage \u00e0 la main uniquement.<\/p>","protected":false},"excerpt":{"rendered":"<p>Restez hydrat\u00e9.e toute la journ\u00e9e avec cette bouteille d&rsquo;eau de 950\u00a0ml (32\u00a0oz). Elle est id\u00e9ale pour vos s\u00e9ances de sport ou les journ\u00e9es charg\u00e9es, elle vient avec une paille pliable pour que vous puissiez siroter facilement et une poign\u00e9e rotative pour un transport facile. \u2022 Acier inoxydable \u00e0 double paroi avec isolation sous vide \u2022 [&#8230;]\n","protected":false},"featured_media":70154,"comment_status":"open","ping_status":"closed","template":"","meta":[],"product_brand":[],"product_cat":[2218],"product_tag":[],"class_list":{"0":"post-70151","1":"product","2":"type-product","3":"status-publish","4":"has-post-thumbnail","6":"product_cat-pour-mon-humain","8":"first","9":"instock","10":"shipping-taxable","11":"purchasable","12":"product-type-simple"},"jetpack_sharing_enabled":true,"_links":{"self":[{"href":"https:\/\/artycatz.com\/en\/wp-json\/wp\/v2\/product\/70151","targetHints":{"allow":["GET"]}}],"collection":[{"href":"https:\/\/artycatz.com\/en\/wp-json\/wp\/v2\/product"}],"about":[{"href":"https:\/\/artycatz.com\/en\/wp-json\/wp\/v2\/types\/product"}],"replies":[{"embeddable":true,"href":"https:\/\/artycatz.com\/en\/wp-json\/wp\/v2\/comments?post=70151"}],"version-history":[{"count":1,"href":"https:\/\/artycatz.com\/en\/wp-json\/wp\/v2\/product\/70151\/revisions"}],"predecessor-version":[{"id":70167,"href":"https:\/\/artycatz.com\/en\/wp-json\/wp\/v2\/product\/70151\/revisions\/70167"}],"wp:featuredmedia":[{"embeddable":true,"href":"https:\/\/artycatz.com\/en\/wp-json\/wp\/v2\/media\/70154"}],"wp:attachment":[{"href":"https:\/\/artycatz.com\/en\/wp-json\/wp\/v2\/media?parent=70151"}],"wp:term":[{"taxonomy":"product_brand","embeddable":true,"href":"https:\/\/artycatz.com\/en\/wp-json\/wp\/v2\/product_brand?post=70151"},{"taxonomy":"product_cat","embeddable":true,"href":"https:\/\/artycatz.com\/en\/wp-json\/wp\/v2\/product_cat?post=70151"},{"taxonomy":"product_tag","embeddable":true,"href":"https:\/\/artycatz.com\/en\/wp-json\/wp\/v2\/product_tag?post=70151"}],"curies":[{"name":"wp","href":"https:\/\/api.w.org\/{rel}","templated":true}]}}