{"id":70168,"date":"2025-12-09T00:27:27","date_gmt":"2025-12-08T23:27:27","guid":{"rendered":"https:\/\/artycatz.com\/produit\/gobelet-en-plastique-transparent\/"},"modified":"2025-12-09T14:28:51","modified_gmt":"2025-12-09T13:28:51","slug":"gobelet-en-plastique-transparent","status":"publish","type":"product","link":"https:\/\/artycatz.com\/en\/product\/gobelet-en-plastique-transparent\/","title":{"rendered":"Gobelet en plastique transparent"},"content":{"rendered":"<p>Profitez de boissons fra\u00eeches tout l&rsquo;\u00e9t\u00e9 avec ce gobelet isol\u00e9 et r\u00e9utilisable. Id\u00e9al pour tout rafra\u00eechissement, il est livr\u00e9 avec un couvercle et une paille pour en boire facilement lors de vos d\u00e9placements. Optez pour la r\u00e9utilisabilit\u00e9 par rapport aux plastiques \u00e0 usage unique sans sacrifier le style. <\/p>\n<p> \u2022 Mat\u00e9riau\u00a0: plastique acrylique transparent <br \/>\n \u2022 Capacit\u00e9\u00a0: 590\u00a0ml (16\u00a0oz) <br \/>\n \u2022 Hauteur\u00a0: 16\u00a0cm (6,3\u2033) <br \/>\n \u2022 Diam\u00e8tre du couvercle\u00a0: 10\u00a0cm (3,9\u2033) <br \/>\n \u2022 Diam\u00e8tre inf\u00e9rieur\u00a0: 6,7\u00a0cm (2,6\u2033) <br \/>\n \u2022 Isol\u00e9 \u00e0 double paroi <br \/>\n \u2022 Livr\u00e9 avec une paille en plastique et un couvercle viss\u00e9 <\/p>\n<p>\n Avertissements\u00a0: <br \/>\n \u2022 Ne passe pas au lave-vaisselle ni au micro-ondes. Lavage \u00e0 la main uniquement. <br \/>\n \u2022 Ne pas utiliser avec des boissons chaudes.<\/p>","protected":false},"excerpt":{"rendered":"<p>Profitez de boissons fra\u00eeches tout l&rsquo;\u00e9t\u00e9 avec ce gobelet isol\u00e9 et r\u00e9utilisable. Id\u00e9al pour tout rafra\u00eechissement, il est livr\u00e9 avec un couvercle et une paille pour en boire facilement lors de vos d\u00e9placements. Optez pour la r\u00e9utilisabilit\u00e9 par rapport aux plastiques \u00e0 usage unique sans sacrifier le style. \u2022 Mat\u00e9riau\u00a0: plastique acrylique transparent \u2022 Capacit\u00e9\u00a0: [&#8230;]\n","protected":false},"featured_media":70170,"comment_status":"open","ping_status":"closed","template":"","meta":[],"product_brand":[],"product_cat":[2218],"product_tag":[],"class_list":{"0":"post-70168","1":"product","2":"type-product","3":"status-publish","4":"has-post-thumbnail","6":"product_cat-pour-mon-humain","8":"first","9":"instock","10":"shipping-taxable","11":"purchasable","12":"product-type-simple"},"jetpack_sharing_enabled":true,"_links":{"self":[{"href":"https:\/\/artycatz.com\/en\/wp-json\/wp\/v2\/product\/70168","targetHints":{"allow":["GET"]}}],"collection":[{"href":"https:\/\/artycatz.com\/en\/wp-json\/wp\/v2\/product"}],"about":[{"href":"https:\/\/artycatz.com\/en\/wp-json\/wp\/v2\/types\/product"}],"replies":[{"embeddable":true,"href":"https:\/\/artycatz.com\/en\/wp-json\/wp\/v2\/comments?post=70168"}],"version-history":[{"count":1,"href":"https:\/\/artycatz.com\/en\/wp-json\/wp\/v2\/product\/70168\/revisions"}],"predecessor-version":[{"id":70183,"href":"https:\/\/artycatz.com\/en\/wp-json\/wp\/v2\/product\/70168\/revisions\/70183"}],"wp:featuredmedia":[{"embeddable":true,"href":"https:\/\/artycatz.com\/en\/wp-json\/wp\/v2\/media\/70170"}],"wp:attachment":[{"href":"https:\/\/artycatz.com\/en\/wp-json\/wp\/v2\/media?parent=70168"}],"wp:term":[{"taxonomy":"product_brand","embeddable":true,"href":"https:\/\/artycatz.com\/en\/wp-json\/wp\/v2\/product_brand?post=70168"},{"taxonomy":"product_cat","embeddable":true,"href":"https:\/\/artycatz.com\/en\/wp-json\/wp\/v2\/product_cat?post=70168"},{"taxonomy":"product_tag","embeddable":true,"href":"https:\/\/artycatz.com\/en\/wp-json\/wp\/v2\/product_tag?post=70168"}],"curies":[{"name":"wp","href":"https:\/\/api.w.org\/{rel}","templated":true}]}}