{"id":70184,"date":"2025-12-09T00:41:56","date_gmt":"2025-12-08T23:41:56","guid":{"rendered":"https:\/\/artycatz.com\/produit\/mug-brillant-noir\/"},"modified":"2026-03-04T22:43:10","modified_gmt":"2026-03-04T21:43:10","slug":"mug-brillant-noir","status":"publish","type":"product","link":"https:\/\/artycatz.com\/en\/product\/mug-brillant-noir\/","title":{"rendered":"Mug brillant noir"},"content":{"rendered":"<p>Un indispensable de vos placards, robuste, \u00e9l\u00e9gant et parfait pour votre caf\u00e9 du matin ou votre th\u00e9 de l&rsquo;apr\u00e8s-midi.<\/p>\n<p>\u2022 En c\u00e9ramique<br \/>\n\u2022 Dimensions de la tasse de 11 oz\u00a0: hauteur, 9,8\u00a0cm (3,85\u00a0\u00ab\u00a0) diam\u00e8tre, 8,5\u00a0cm (3,35\u00a0\u00ab\u00a0)<br \/>\n\u2022 Dimensions de la tasse de 15\u00a0oz\u00a0: hauteur, 12\u00a0cm (4,7\u00a0\u00ab\u00a0), diam\u00e8tre, 8,5\u00a0cm (3,35\u00a0\u00ab\u00a0)<br \/>\n\u2022 Mat\u00e9riau sans plomb et sans BPA<br \/>\n\u2022 Finition brillante<br \/>\n\u2022 Passe au lave-vaisselle et au micro-ondes<\/p>","protected":false},"excerpt":{"rendered":"<p>Un indispensable de vos placards, robuste, \u00e9l\u00e9gant et parfait pour votre caf\u00e9 du matin ou votre th\u00e9 de l&rsquo;apr\u00e8s-midi. \u2022 En c\u00e9ramique \u2022 Dimensions de la tasse de 11 oz\u00a0: hauteur, 9,8\u00a0cm (3,85\u00a0\u00ab\u00a0) diam\u00e8tre, 8,5\u00a0cm (3,35\u00a0\u00ab\u00a0) \u2022 Dimensions de la tasse de 15\u00a0oz\u00a0: hauteur, 12\u00a0cm (4,7\u00a0\u00ab\u00a0), diam\u00e8tre, 8,5\u00a0cm (3,35\u00a0\u00ab\u00a0) \u2022 Mat\u00e9riau sans plomb et sans [&#8230;]\n","protected":false},"featured_media":70187,"comment_status":"open","ping_status":"closed","template":"","meta":[],"product_brand":[],"product_cat":[2218],"product_tag":[],"class_list":{"0":"post-70184","1":"product","2":"type-product","3":"status-publish","4":"has-post-thumbnail","6":"product_cat-pour-mon-humain","8":"first","9":"instock","10":"shipping-taxable","11":"purchasable","12":"product-type-variable","13":"wvs-archive-product-wrapper"},"jetpack_sharing_enabled":true,"_links":{"self":[{"href":"https:\/\/artycatz.com\/en\/wp-json\/wp\/v2\/product\/70184","targetHints":{"allow":["GET"]}}],"collection":[{"href":"https:\/\/artycatz.com\/en\/wp-json\/wp\/v2\/product"}],"about":[{"href":"https:\/\/artycatz.com\/en\/wp-json\/wp\/v2\/types\/product"}],"replies":[{"embeddable":true,"href":"https:\/\/artycatz.com\/en\/wp-json\/wp\/v2\/comments?post=70184"}],"version-history":[{"count":1,"href":"https:\/\/artycatz.com\/en\/wp-json\/wp\/v2\/product\/70184\/revisions"}],"predecessor-version":[{"id":70194,"href":"https:\/\/artycatz.com\/en\/wp-json\/wp\/v2\/product\/70184\/revisions\/70194"}],"wp:featuredmedia":[{"embeddable":true,"href":"https:\/\/artycatz.com\/en\/wp-json\/wp\/v2\/media\/70187"}],"wp:attachment":[{"href":"https:\/\/artycatz.com\/en\/wp-json\/wp\/v2\/media?parent=70184"}],"wp:term":[{"taxonomy":"product_brand","embeddable":true,"href":"https:\/\/artycatz.com\/en\/wp-json\/wp\/v2\/product_brand?post=70184"},{"taxonomy":"product_cat","embeddable":true,"href":"https:\/\/artycatz.com\/en\/wp-json\/wp\/v2\/product_cat?post=70184"},{"taxonomy":"product_tag","embeddable":true,"href":"https:\/\/artycatz.com\/en\/wp-json\/wp\/v2\/product_tag?post=70184"}],"curies":[{"name":"wp","href":"https:\/\/api.w.org\/{rel}","templated":true}]}}